{"id":8,"date":"2020-03-25T12:09:46","date_gmt":"2020-03-25T12:09:46","guid":{"rendered":"http:\/\/galabautosun.de\/?page_id=8"},"modified":"2020-04-10T22:09:04","modified_gmt":"2020-04-10T22:09:04","slug":"ueber-uns","status":"publish","type":"page","link":"https:\/\/galabautosun.de\/?page_id=8","title":{"rendered":"\u00dcber Uns"},"content":{"rendered":"\n<div class=\"wp-block-image\"><figure class=\"aligncenter size-large\"><img loading=\"lazy\" width=\"440\" height=\"295\" src=\"http:\/\/galabautosun.de\/wp-content\/uploads\/2020\/03\/bau_105.jpg\" alt=\"\" class=\"wp-image-10\" srcset=\"https:\/\/galabautosun.de\/wp-content\/uploads\/2020\/03\/bau_105.jpg 440w, https:\/\/galabautosun.de\/wp-content\/uploads\/2020\/03\/bau_105-300x201.jpg 300w\" sizes=\"(max-width: 440px) 100vw, 440px\" \/><\/figure><\/div>\n\n\n\n<p class=\"has-text-color has-background has-text-align-center has-extra-font-size has-very-dark-gray-color has-very-light-gray-background-color\"> Expertise aus langj\u00e4hriger Erfahrung <\/p>\n\n\n\n<p class=\"has-large-font-size\">Als ein seit 2012 agierendes Familienunternehmen planen und gestalten wir wundersch\u00f6ne G\u00e4rten und Au\u00dfenanlagen in allen Bereichen des gesellschaftlichen Lebens &#8211; ob in Mainz, Frankfurt, Darmstadt oder an unserem Stammsitz in Wiesbaden. Und das immer stets zur vollsten Zufriedenheit unserer Kunden und Gesch\u00e4ftspartner.<\/p>\n\n\n\n<p class=\"has-large-font-size\">Die Leidenschaft, f\u00fcr Ihre individuellen W\u00fcnsche kreative L\u00f6sungen anzubieten und diese mit h\u00f6chstem qualitativen Anspruch zu einem ansprechenden Preis-Leistungsverh\u00e4ltnis umzusetzen zu k\u00f6nnen, ist der unentwegte Antrieb unserer Arbeit. Wir setzen uns keine Grenzen, wenn es darum geht, Ihre Vorstellungen in die Tat umzusetzen &#8211; und doch haben wir die vorhandenen Vorschriften und das zur Verf\u00fcgung stehende Budget stets fest im Blick.<\/p>\n\n\n\n<p class=\"has-large-font-size\">Doch allein mit der Begeisterung und der Freude am Gestalten von G\u00e4rten und Umgebungen, die Ihren tiefsten Bed\u00fcrfnissen entsprechen, ist es nicht getan. Damit wir Ihnen als fachlich kompetenter, verl\u00e4sslicher und leistungsf\u00e4higer Partner f\u00fcr Ihre Projekte zur Verf\u00fcgung stehen k\u00f6nnen, setzen wir auf einen stetigen Ausbau unser fachm\u00e4nnischen Kenntnisse. Hierbei spielt unser familieneigenes Gew\u00e4chshaus eine wesentliche Rolle. Es gibt uns den n\u00f6tigen Spielraum, unserer Lernbegierde praktisch nachgehen und experimentieren zu k\u00f6nnen. Gleichzeitig bekommen wir hierdurch die M\u00f6glichkeit, Ihnen ein individuelles Geschenk zu bereiten, in dem unsere selbstgez\u00fcchteten Gartenpflanzen einen Platz in Ihrem Projekt finden sollen.<\/p>\n\n\n\n<p class=\"has-large-font-size\">All diese Kompetenzen und Eigenschaften bauen wir stets in der Erbringung folgender Leistungen ein.<\/p>\n","protected":false},"excerpt":{"rendered":"<p>Expertise aus langj\u00e4hriger Erfahrung Als ein seit 2012 agierendes Familienunternehmen planen und gestalten wir wundersch\u00f6ne G\u00e4rten und Au\u00dfenanlagen in allen Bereichen des gesellschaftlichen Lebens &#8211; ob in Mainz, Frankfurt, Darmstadt oder an unserem Stammsitz in Wiesbaden. Und das immer stets zur vollsten Zufriedenheit unserer Kunden und Gesch\u00e4ftspartner. Die Leidenschaft, f\u00fcr Ihre individuellen W\u00fcnsche kreative L\u00f6sungen [&hellip;]<\/p>\n","protected":false},"author":1,"featured_media":0,"parent":0,"menu_order":0,"comment_status":"closed","ping_status":"closed","template":"","meta":[],"yoast_head":"<!-- This site is optimized with the Yoast SEO plugin v19.9 - https:\/\/yoast.com\/wordpress\/plugins\/seo\/ -->\n<title>\u00dcber Uns - TOSUN Garten- Landschafts- und Sportplatzbau GmbH GmbH<\/title>\n<meta name=\"description\" content=\"Ob Fassadensanierung, kompletter Umbau, Innenausbau oder Altbausanierung, wir stehen Ihnen als zuverl\u00e4ssiger Partner zur Seite. Unser bundesweites Fachkr\u00e4fte-Netzwerk erlaubt uns komplette Sanierungsprojekte zu begleiten und ein H\u00f6chstma\u00df an Qualit\u00e4t zu garantieren.\" \/>\n<meta name=\"robots\" content=\"index, follow, max-snippet:-1, max-image-preview:large, max-video-preview:-1\" \/>\n<link rel=\"canonical\" href=\"https:\/\/galabautosun.de\/?page_id=8\" \/>\n<meta property=\"og:locale\" content=\"de_DE\" \/>\n<meta property=\"og:type\" content=\"article\" \/>\n<meta property=\"og:title\" content=\"\u00dcber Uns - TOSUN Garten- Landschafts- und Sportplatzbau GmbH GmbH\" \/>\n<meta property=\"og:description\" content=\"Ob Fassadensanierung, kompletter Umbau, Innenausbau oder Altbausanierung, wir stehen Ihnen als zuverl\u00e4ssiger Partner zur Seite. Unser bundesweites Fachkr\u00e4fte-Netzwerk erlaubt uns komplette Sanierungsprojekte zu begleiten und ein H\u00f6chstma\u00df an Qualit\u00e4t zu garantieren.\" \/>\n<meta property=\"og:url\" content=\"https:\/\/galabautosun.de\/?page_id=8\" \/>\n<meta property=\"og:site_name\" content=\"TOSUN Garten- Landschafts- und Sportplatzbau GmbH\" \/>\n<meta property=\"article:modified_time\" content=\"2020-04-10T22:09:04+00:00\" \/>\n<meta property=\"og:image\" content=\"http:\/\/galabautosun.de\/wp-content\/uploads\/2020\/03\/bau_105.jpg\" \/>\n<meta name=\"twitter:card\" content=\"summary_large_image\" \/>\n<meta name=\"twitter:label1\" content=\"Gesch\u00e4tzte Lesezeit\" \/>\n\t<meta name=\"twitter:data1\" content=\"1\u00a0Minute\" \/>\n<script type=\"application\/ld+json\" class=\"yoast-schema-graph\">{\"@context\":\"https:\/\/schema.org\",\"@graph\":[{\"@type\":\"WebPage\",\"@id\":\"https:\/\/galabautosun.de\/?page_id=8\",\"url\":\"https:\/\/galabautosun.de\/?page_id=8\",\"name\":\"\u00dcber Uns - TOSUN Garten- Landschafts- und Sportplatzbau GmbH GmbH\",\"isPartOf\":{\"@id\":\"https:\/\/galabautosun.de\/#website\"},\"datePublished\":\"2020-03-25T12:09:46+00:00\",\"dateModified\":\"2020-04-10T22:09:04+00:00\",\"description\":\"Ob Fassadensanierung, kompletter Umbau, Innenausbau oder Altbausanierung, wir stehen Ihnen als zuverl\u00e4ssiger Partner zur Seite. Unser bundesweites Fachkr\u00e4fte-Netzwerk erlaubt uns komplette Sanierungsprojekte zu begleiten und ein H\u00f6chstma\u00df an Qualit\u00e4t zu garantieren.\",\"breadcrumb\":{\"@id\":\"https:\/\/galabautosun.de\/?page_id=8#breadcrumb\"},\"inLanguage\":\"de\",\"potentialAction\":[{\"@type\":\"ReadAction\",\"target\":[\"https:\/\/galabautosun.de\/?page_id=8\"]}]},{\"@type\":\"BreadcrumbList\",\"@id\":\"https:\/\/galabautosun.de\/?page_id=8#breadcrumb\",\"itemListElement\":[{\"@type\":\"ListItem\",\"position\":1,\"name\":\"Startseite\",\"item\":\"https:\/\/galabautosun.de\/\"},{\"@type\":\"ListItem\",\"position\":2,\"name\":\"\u00dcber Uns\"}]},{\"@type\":\"WebSite\",\"@id\":\"https:\/\/galabautosun.de\/#website\",\"url\":\"https:\/\/galabautosun.de\/\",\"name\":\"TOSUN Garten- Landschafts- und Sportplatzbau GmbH\",\"description\":\"\",\"publisher\":{\"@id\":\"https:\/\/galabautosun.de\/#organization\"},\"potentialAction\":[{\"@type\":\"SearchAction\",\"target\":{\"@type\":\"EntryPoint\",\"urlTemplate\":\"https:\/\/galabautosun.de\/?s={search_term_string}\"},\"query-input\":\"required name=search_term_string\"}],\"inLanguage\":\"de\"},{\"@type\":\"Organization\",\"@id\":\"https:\/\/galabautosun.de\/#organization\",\"name\":\"TOSUN Garten- Landschafts- und Sportplatzbau GmbH\",\"url\":\"https:\/\/galabautosun.de\/\",\"logo\":{\"@type\":\"ImageObject\",\"inLanguage\":\"de\",\"@id\":\"https:\/\/galabautosun.de\/#\/schema\/logo\/image\/\",\"url\":\"https:\/\/galabautosun.de\/wp-content\/uploads\/2020\/03\/galabautosun-website-logo-1.svg\",\"contentUrl\":\"https:\/\/galabautosun.de\/wp-content\/uploads\/2020\/03\/galabautosun-website-logo-1.svg\",\"caption\":\"TOSUN Garten- Landschafts- und Sportplatzbau GmbH\"},\"image\":{\"@id\":\"https:\/\/galabautosun.de\/#\/schema\/logo\/image\/\"}}]}<\/script>\n<!-- \/ Yoast SEO plugin. -->","yoast_head_json":{"title":"\u00dcber Uns - TOSUN Garten- Landschafts- und Sportplatzbau GmbH GmbH","description":"Ob Fassadensanierung, kompletter Umbau, Innenausbau oder Altbausanierung, wir stehen Ihnen als zuverl\u00e4ssiger Partner zur Seite. Unser bundesweites Fachkr\u00e4fte-Netzwerk erlaubt uns komplette Sanierungsprojekte zu begleiten und ein H\u00f6chstma\u00df an Qualit\u00e4t zu garantieren.","robots":{"index":"index","follow":"follow","max-snippet":"max-snippet:-1","max-image-preview":"max-image-preview:large","max-video-preview":"max-video-preview:-1"},"canonical":"https:\/\/galabautosun.de\/?page_id=8","og_locale":"de_DE","og_type":"article","og_title":"\u00dcber Uns - TOSUN Garten- Landschafts- und Sportplatzbau GmbH GmbH","og_description":"Ob Fassadensanierung, kompletter Umbau, Innenausbau oder Altbausanierung, wir stehen Ihnen als zuverl\u00e4ssiger Partner zur Seite. Unser bundesweites Fachkr\u00e4fte-Netzwerk erlaubt uns komplette Sanierungsprojekte zu begleiten und ein H\u00f6chstma\u00df an Qualit\u00e4t zu garantieren.","og_url":"https:\/\/galabautosun.de\/?page_id=8","og_site_name":"TOSUN Garten- Landschafts- und Sportplatzbau GmbH","article_modified_time":"2020-04-10T22:09:04+00:00","og_image":[{"url":"http:\/\/galabautosun.de\/wp-content\/uploads\/2020\/03\/bau_105.jpg"}],"twitter_card":"summary_large_image","twitter_misc":{"Gesch\u00e4tzte Lesezeit":"1\u00a0Minute"},"schema":{"@context":"https:\/\/schema.org","@graph":[{"@type":"WebPage","@id":"https:\/\/galabautosun.de\/?page_id=8","url":"https:\/\/galabautosun.de\/?page_id=8","name":"\u00dcber Uns - TOSUN Garten- Landschafts- und Sportplatzbau GmbH GmbH","isPartOf":{"@id":"https:\/\/galabautosun.de\/#website"},"datePublished":"2020-03-25T12:09:46+00:00","dateModified":"2020-04-10T22:09:04+00:00","description":"Ob Fassadensanierung, kompletter Umbau, Innenausbau oder Altbausanierung, wir stehen Ihnen als zuverl\u00e4ssiger Partner zur Seite. Unser bundesweites Fachkr\u00e4fte-Netzwerk erlaubt uns komplette Sanierungsprojekte zu begleiten und ein H\u00f6chstma\u00df an Qualit\u00e4t zu garantieren.","breadcrumb":{"@id":"https:\/\/galabautosun.de\/?page_id=8#breadcrumb"},"inLanguage":"de","potentialAction":[{"@type":"ReadAction","target":["https:\/\/galabautosun.de\/?page_id=8"]}]},{"@type":"BreadcrumbList","@id":"https:\/\/galabautosun.de\/?page_id=8#breadcrumb","itemListElement":[{"@type":"ListItem","position":1,"name":"Startseite","item":"https:\/\/galabautosun.de\/"},{"@type":"ListItem","position":2,"name":"\u00dcber Uns"}]},{"@type":"WebSite","@id":"https:\/\/galabautosun.de\/#website","url":"https:\/\/galabautosun.de\/","name":"TOSUN Garten- Landschafts- und Sportplatzbau GmbH","description":"","publisher":{"@id":"https:\/\/galabautosun.de\/#organization"},"potentialAction":[{"@type":"SearchAction","target":{"@type":"EntryPoint","urlTemplate":"https:\/\/galabautosun.de\/?s={search_term_string}"},"query-input":"required name=search_term_string"}],"inLanguage":"de"},{"@type":"Organization","@id":"https:\/\/galabautosun.de\/#organization","name":"TOSUN Garten- Landschafts- und Sportplatzbau GmbH","url":"https:\/\/galabautosun.de\/","logo":{"@type":"ImageObject","inLanguage":"de","@id":"https:\/\/galabautosun.de\/#\/schema\/logo\/image\/","url":"https:\/\/galabautosun.de\/wp-content\/uploads\/2020\/03\/galabautosun-website-logo-1.svg","contentUrl":"https:\/\/galabautosun.de\/wp-content\/uploads\/2020\/03\/galabautosun-website-logo-1.svg","caption":"TOSUN Garten- Landschafts- und Sportplatzbau GmbH"},"image":{"@id":"https:\/\/galabautosun.de\/#\/schema\/logo\/image\/"}}]}},"_links":{"self":[{"href":"https:\/\/galabautosun.de\/index.php?rest_route=\/wp\/v2\/pages\/8"}],"collection":[{"href":"https:\/\/galabautosun.de\/index.php?rest_route=\/wp\/v2\/pages"}],"about":[{"href":"https:\/\/galabautosun.de\/index.php?rest_route=\/wp\/v2\/types\/page"}],"author":[{"embeddable":true,"href":"https:\/\/galabautosun.de\/index.php?rest_route=\/wp\/v2\/users\/1"}],"replies":[{"embeddable":true,"href":"https:\/\/galabautosun.de\/index.php?rest_route=%2Fwp%2Fv2%2Fcomments&post=8"}],"version-history":[{"count":7,"href":"https:\/\/galabautosun.de\/index.php?rest_route=\/wp\/v2\/pages\/8\/revisions"}],"predecessor-version":[{"id":488,"href":"https:\/\/galabautosun.de\/index.php?rest_route=\/wp\/v2\/pages\/8\/revisions\/488"}],"wp:attachment":[{"href":"https:\/\/galabautosun.de\/index.php?rest_route=%2Fwp%2Fv2%2Fmedia&parent=8"}],"curies":[{"name":"wp","href":"https:\/\/api.w.org\/{rel}","templated":true}]}}