{"id":68,"date":"2020-03-25T12:19:00","date_gmt":"2020-03-25T12:19:00","guid":{"rendered":"http:\/\/galabautosun.de\/?page_id=68"},"modified":"2025-07-11T09:26:35","modified_gmt":"2025-07-11T09:26:35","slug":"impressum","status":"publish","type":"page","link":"https:\/\/galabautosun.de\/?page_id=68","title":{"rendered":"Impressum"},"content":{"rendered":"\n<h6 id=\"u2133-44\">TOSUN <br>Garten- Landschafts- <br>und Sportplatzbau  GmbH <\/h6>\n\n\n\n<div class=\"wp-container-1 wp-block-group\"><div class=\"wp-block-group__inner-container\">\n<p>Friedrich-Bergius-Stra\u00dfe 5<br>65203 Wiesbaden<br>Tel.: 0611 &#8211; 50 57 90 61<br>Fax: 0611 &#8211; 50 57 90 63<br>Mobil: 01514 &#8211; 422 0361<\/p>\n\n\n\n<p>www.galabautosun.de<br> <a href=\"mailto:tosun.galabau@gmail.com\">tosun.galabau@gmail.com<\/a><\/p>\n\n\n\n<p>Gesch\u00e4ftsf\u00fchrerin: M. Tosun<br>HRB 26824 Amtsgericht Wiesbaden<br>St-Nr.: 4324661307<br>Ust-IDNr.: DE 287163464<\/p>\n\n\n\n<p>Gestaltung: Jiyan Akg\u00fcl<\/p>\n\n\n\n<p>Fotos: depositphotos.com, freepik.com<\/p>\n<\/div><\/div>\n\n\n\n<h6 id=\"u2133-47\">Urheberrecht und Haftungsausschluss:<\/h6>\n\n\n\n<p>Die bereitgestellten Informationen auf dieser Website wurden sorgf\u00e4ltig gepr\u00fcft und werden regelm\u00e4\u00dfig aktualisiert. Es kann jedoch keine Haftung oder Garantie daf\u00fcr \u00fcbernommen werden, dass alle Angaben zu jeder Zeit vollst\u00e4ndig richtig und in letzter Aktualit\u00e4t dargestellt sind.<br>Eine \u00fcber die bestimmungsgem\u00e4\u00dfe Nutzung unser Seiten hinaus gehende Vervielf\u00e4ltigung oder Verwendung darin enthaltener Bilder, Grafiken, Tondokumente, Videosequenzen oder Texte ist ohne ausdr\u00fcckliche vorherige Zustimmung nicht gestattet. <\/p>\n","protected":false},"excerpt":{"rendered":"<p>TOSUN Garten- Landschafts- und Sportplatzbau GmbH Friedrich-Bergius-Stra\u00dfe 565203 WiesbadenTel.: 0611 &#8211; 50 57 90 61Fax: 0611 &#8211; 50 57 90 63Mobil: 01514 &#8211; 422 0361 www.galabautosun.de tosun.galabau@gmail.com Gesch\u00e4ftsf\u00fchrerin: M. TosunHRB 26824 Amtsgericht WiesbadenSt-Nr.: 4324661307Ust-IDNr.: DE 287163464 Gestaltung: Jiyan Akg\u00fcl Fotos: depositphotos.com, freepik.com Urheberrecht und Haftungsausschluss: Die bereitgestellten Informationen auf dieser Website wurden sorgf\u00e4ltig gepr\u00fcft und [&hellip;]<\/p>\n","protected":false},"author":1,"featured_media":0,"parent":0,"menu_order":0,"comment_status":"closed","ping_status":"closed","template":"","meta":[],"yoast_head":"<!-- This site is optimized with the Yoast SEO plugin v19.9 - https:\/\/yoast.com\/wordpress\/plugins\/seo\/ -->\n<title>Impressum - TOSUN Garten- Landschafts- und Sportplatzbau GmbH GmbH<\/title>\n<meta name=\"description\" content=\"TOSUN Bauunternehmen GmbH - Friedrich-Bergius-Stra\u00dfe 5, 65203 Wiesbaden\" \/>\n<meta name=\"robots\" content=\"index, follow, max-snippet:-1, max-image-preview:large, max-video-preview:-1\" \/>\n<link rel=\"canonical\" href=\"https:\/\/galabautosun.de\/?page_id=68\" \/>\n<meta property=\"og:locale\" content=\"de_DE\" \/>\n<meta property=\"og:type\" content=\"article\" \/>\n<meta property=\"og:title\" content=\"Impressum - TOSUN Garten- Landschafts- und Sportplatzbau GmbH GmbH\" \/>\n<meta property=\"og:description\" content=\"TOSUN Bauunternehmen GmbH - Friedrich-Bergius-Stra\u00dfe 5, 65203 Wiesbaden\" \/>\n<meta property=\"og:url\" content=\"https:\/\/galabautosun.de\/?page_id=68\" \/>\n<meta property=\"og:site_name\" content=\"TOSUN Garten- Landschafts- und Sportplatzbau GmbH\" \/>\n<meta property=\"article:modified_time\" content=\"2025-07-11T09:26:35+00:00\" \/>\n<meta name=\"twitter:card\" content=\"summary_large_image\" \/>\n<meta name=\"twitter:label1\" content=\"Gesch\u00e4tzte Lesezeit\" \/>\n\t<meta name=\"twitter:data1\" content=\"1\u00a0Minute\" \/>\n<script type=\"application\/ld+json\" class=\"yoast-schema-graph\">{\"@context\":\"https:\/\/schema.org\",\"@graph\":[{\"@type\":\"WebPage\",\"@id\":\"https:\/\/galabautosun.de\/?page_id=68\",\"url\":\"https:\/\/galabautosun.de\/?page_id=68\",\"name\":\"Impressum - TOSUN Garten- Landschafts- und Sportplatzbau GmbH GmbH\",\"isPartOf\":{\"@id\":\"https:\/\/galabautosun.de\/#website\"},\"datePublished\":\"2020-03-25T12:19:00+00:00\",\"dateModified\":\"2025-07-11T09:26:35+00:00\",\"description\":\"TOSUN Bauunternehmen GmbH - Friedrich-Bergius-Stra\u00dfe 5, 65203 Wiesbaden\",\"breadcrumb\":{\"@id\":\"https:\/\/galabautosun.de\/?page_id=68#breadcrumb\"},\"inLanguage\":\"de\",\"potentialAction\":[{\"@type\":\"ReadAction\",\"target\":[\"https:\/\/galabautosun.de\/?page_id=68\"]}]},{\"@type\":\"BreadcrumbList\",\"@id\":\"https:\/\/galabautosun.de\/?page_id=68#breadcrumb\",\"itemListElement\":[{\"@type\":\"ListItem\",\"position\":1,\"name\":\"Startseite\",\"item\":\"https:\/\/galabautosun.de\/\"},{\"@type\":\"ListItem\",\"position\":2,\"name\":\"Impressum\"}]},{\"@type\":\"WebSite\",\"@id\":\"https:\/\/galabautosun.de\/#website\",\"url\":\"https:\/\/galabautosun.de\/\",\"name\":\"TOSUN Garten- Landschafts- und Sportplatzbau GmbH\",\"description\":\"\",\"publisher\":{\"@id\":\"https:\/\/galabautosun.de\/#organization\"},\"potentialAction\":[{\"@type\":\"SearchAction\",\"target\":{\"@type\":\"EntryPoint\",\"urlTemplate\":\"https:\/\/galabautosun.de\/?s={search_term_string}\"},\"query-input\":\"required name=search_term_string\"}],\"inLanguage\":\"de\"},{\"@type\":\"Organization\",\"@id\":\"https:\/\/galabautosun.de\/#organization\",\"name\":\"TOSUN Garten- Landschafts- und Sportplatzbau GmbH\",\"url\":\"https:\/\/galabautosun.de\/\",\"logo\":{\"@type\":\"ImageObject\",\"inLanguage\":\"de\",\"@id\":\"https:\/\/galabautosun.de\/#\/schema\/logo\/image\/\",\"url\":\"https:\/\/galabautosun.de\/wp-content\/uploads\/2020\/03\/galabautosun-website-logo-1.svg\",\"contentUrl\":\"https:\/\/galabautosun.de\/wp-content\/uploads\/2020\/03\/galabautosun-website-logo-1.svg\",\"caption\":\"TOSUN Garten- Landschafts- und Sportplatzbau GmbH\"},\"image\":{\"@id\":\"https:\/\/galabautosun.de\/#\/schema\/logo\/image\/\"}}]}<\/script>\n<!-- \/ Yoast SEO plugin. -->","yoast_head_json":{"title":"Impressum - TOSUN Garten- Landschafts- und Sportplatzbau GmbH GmbH","description":"TOSUN Bauunternehmen GmbH - Friedrich-Bergius-Stra\u00dfe 5, 65203 Wiesbaden","robots":{"index":"index","follow":"follow","max-snippet":"max-snippet:-1","max-image-preview":"max-image-preview:large","max-video-preview":"max-video-preview:-1"},"canonical":"https:\/\/galabautosun.de\/?page_id=68","og_locale":"de_DE","og_type":"article","og_title":"Impressum - TOSUN Garten- Landschafts- und Sportplatzbau GmbH GmbH","og_description":"TOSUN Bauunternehmen GmbH - Friedrich-Bergius-Stra\u00dfe 5, 65203 Wiesbaden","og_url":"https:\/\/galabautosun.de\/?page_id=68","og_site_name":"TOSUN Garten- Landschafts- und Sportplatzbau GmbH","article_modified_time":"2025-07-11T09:26:35+00:00","twitter_card":"summary_large_image","twitter_misc":{"Gesch\u00e4tzte Lesezeit":"1\u00a0Minute"},"schema":{"@context":"https:\/\/schema.org","@graph":[{"@type":"WebPage","@id":"https:\/\/galabautosun.de\/?page_id=68","url":"https:\/\/galabautosun.de\/?page_id=68","name":"Impressum - TOSUN Garten- Landschafts- und Sportplatzbau GmbH GmbH","isPartOf":{"@id":"https:\/\/galabautosun.de\/#website"},"datePublished":"2020-03-25T12:19:00+00:00","dateModified":"2025-07-11T09:26:35+00:00","description":"TOSUN Bauunternehmen GmbH - Friedrich-Bergius-Stra\u00dfe 5, 65203 Wiesbaden","breadcrumb":{"@id":"https:\/\/galabautosun.de\/?page_id=68#breadcrumb"},"inLanguage":"de","potentialAction":[{"@type":"ReadAction","target":["https:\/\/galabautosun.de\/?page_id=68"]}]},{"@type":"BreadcrumbList","@id":"https:\/\/galabautosun.de\/?page_id=68#breadcrumb","itemListElement":[{"@type":"ListItem","position":1,"name":"Startseite","item":"https:\/\/galabautosun.de\/"},{"@type":"ListItem","position":2,"name":"Impressum"}]},{"@type":"WebSite","@id":"https:\/\/galabautosun.de\/#website","url":"https:\/\/galabautosun.de\/","name":"TOSUN Garten- Landschafts- und Sportplatzbau GmbH","description":"","publisher":{"@id":"https:\/\/galabautosun.de\/#organization"},"potentialAction":[{"@type":"SearchAction","target":{"@type":"EntryPoint","urlTemplate":"https:\/\/galabautosun.de\/?s={search_term_string}"},"query-input":"required name=search_term_string"}],"inLanguage":"de"},{"@type":"Organization","@id":"https:\/\/galabautosun.de\/#organization","name":"TOSUN Garten- Landschafts- und Sportplatzbau GmbH","url":"https:\/\/galabautosun.de\/","logo":{"@type":"ImageObject","inLanguage":"de","@id":"https:\/\/galabautosun.de\/#\/schema\/logo\/image\/","url":"https:\/\/galabautosun.de\/wp-content\/uploads\/2020\/03\/galabautosun-website-logo-1.svg","contentUrl":"https:\/\/galabautosun.de\/wp-content\/uploads\/2020\/03\/galabautosun-website-logo-1.svg","caption":"TOSUN Garten- Landschafts- und Sportplatzbau GmbH"},"image":{"@id":"https:\/\/galabautosun.de\/#\/schema\/logo\/image\/"}}]}},"_links":{"self":[{"href":"https:\/\/galabautosun.de\/index.php?rest_route=\/wp\/v2\/pages\/68"}],"collection":[{"href":"https:\/\/galabautosun.de\/index.php?rest_route=\/wp\/v2\/pages"}],"about":[{"href":"https:\/\/galabautosun.de\/index.php?rest_route=\/wp\/v2\/types\/page"}],"author":[{"embeddable":true,"href":"https:\/\/galabautosun.de\/index.php?rest_route=\/wp\/v2\/users\/1"}],"replies":[{"embeddable":true,"href":"https:\/\/galabautosun.de\/index.php?rest_route=%2Fwp%2Fv2%2Fcomments&post=68"}],"version-history":[{"count":7,"href":"https:\/\/galabautosun.de\/index.php?rest_route=\/wp\/v2\/pages\/68\/revisions"}],"predecessor-version":[{"id":542,"href":"https:\/\/galabautosun.de\/index.php?rest_route=\/wp\/v2\/pages\/68\/revisions\/542"}],"wp:attachment":[{"href":"https:\/\/galabautosun.de\/index.php?rest_route=%2Fwp%2Fv2%2Fmedia&parent=68"}],"curies":[{"name":"wp","href":"https:\/\/api.w.org\/{rel}","templated":true}]}}