{"id":6,"date":"2020-03-25T10:14:43","date_gmt":"2020-03-25T10:14:43","guid":{"rendered":"http:\/\/galabautosun.de\/?page_id=6"},"modified":"2021-05-27T23:08:03","modified_gmt":"2021-05-27T23:08:03","slug":"home","status":"publish","type":"page","link":"https:\/\/galabautosun.de\/","title":{"rendered":"Home"},"content":{"rendered":"\n<div class=\"wp-block-nextend-smartslider3\"><\/div>\n\n\n\n<p style=\"display:none\">&nbsp;<\/p><br\/><div class=\"wpbf-container wpbf-container-center wpbf-padding-medium\">\n\n\n\n<p style=\"background-color:#418b0c;color:#ffffff\" class=\"has-text-color has-background has-text-align-center has-extra-font-size\"><p style=\"background-color:#418b0c;color:#ffffff;overflow-wrap: normal;\" class=\"has-text-color has-background has-text-align-center has-extra-font-size\"><strong>Wir verwirklichen Tr\u00e4ume<\/strong>!<\/p><\/p>\n\n\n\n<p><\/p>\n\n\n\n<p class=\"has-text-align-left has-large-font-size\">Der Traum vom eigenen Garten. Reich bepflanzt, individuell gepflegt und fachm\u00e4nnisch angelegt, erfreut er uns \u00fcber alle vier Jahreszeiten hinweg. Die Sehnsucht vieler Menschen nach der eigenen kleinen Gr\u00fcnfl\u00e4che \u00fcberrascht nicht. Kommen jedoch Arbeits- und Gestaltungsaufwand zum Vorschein, scheint der Traum bereits zu Ende zu sein, bevor mit der Umsetzung begonnen werden konnte. Doch das muss nicht sein. Tr\u00e4ume wollen verwirklicht werden &#8211; und wir helfen Ihnen dabei!<\/p>\n\n\n\n<p class=\"has-text-align-left has-large-font-size\">Mit der TOSUN Familie haben Sie einen kompetenten und verl\u00e4sslichen Ansprechpartner f\u00fcr Ihre Garten- und Landschaftsbauprojekte &#8211; vom eigenen Garten bis hin zu gr\u00f6\u00dferen Au\u00dfenanlagen und Tiefbauarbeiten. Wir bieten Ihnen ein vollumfassendes Leistungsspektrum&nbsp;der Gr\u00fcnen Branche im gesamten Rhein-Main-Gebiet.<\/p>\n\n\n\n<p class=\"has-text-align-right has-large-font-size\"><a href=\"http:\/\/galabautosun.de\/?page_id=8\">Erfahren Sie mehr \u00fcber uns..<\/a><\/p>\n\n\n\n<\/div>\n\n\n\n<div class=\"wp-block-nextend-smartslider3\"><\/div>\n\n\n\n<div class=\"wpbf-container wpbf-container-center wpbf-padding-medium\">\n\n\n\n<h1 class=\"has-text-color has-text-align-center\" style=\"color:#418b0c\"><strong>Alles im gr\u00fcnen Bereich<\/strong><\/h1>\n\n\n\n<p class=\"has-large-font-size\">Mit der fachm\u00e4nnischen Professionalit\u00e4t und der Leidenschaft am Gestalten verfolgen wir stets das Ziel, f\u00fcr unsere Kunden bei der individuellen und wunschgetreuen Gestaltung von gro\u00dfen Landschaften bis hin zu Privatg\u00e4rten von Anfang an einen pers\u00f6nlichen Wohlf\u00fchlfaktor zu schaffen. Diesen Ma\u00dfstab verfolgen wir stets \u00fcber unser gesamtes Leistungsspektrum hinweg.<\/p>\n\n\n\n<h2 class=\"has-text-color\" style=\"color:#418b0c\"><strong>Wir k\u00fcmmern uns um<\/strong>..<\/h2>\n\n\n\n<ul style=\"font-size:14pt;\"><li><strong><span style=\"color:#418b0c\" class=\"has-inline-color\">die Neu- oder Umbau Ihrer Au\u00dfenanlage<\/span><\/strong><\/li><li><strong><span style=\"color:#418b0c\" class=\"has-inline-color\">die Gestaltung Ihres Hausgarten<\/span><\/strong><\/li><li><strong><span style=\"color:#418b0c\" class=\"has-inline-color\">Pflasterarbeiten<\/span><\/strong><\/li><li><strong><span style=\"color:#418b0c\" class=\"has-inline-color\">Gestaltung eines gro\u00dfen Gartens<\/span><\/strong><\/li><li><strong><span style=\"color:#418b0c\" class=\"has-inline-color\">Tiefbauarbeiten<\/span><\/strong><\/li><li><strong><span style=\"color:#418b0c\" class=\"has-inline-color\">Erdarbeiten<\/span><\/strong><\/li><li><strong><span style=\"color:#418b0c\" class=\"has-inline-color\">Pflegearbeiten<\/span><\/strong><\/li><li><strong><span style=\"color:#418b0c\" class=\"has-inline-color\">Dachbegr\u00fcndungen<\/span><\/strong><\/li><li><strong><span style=\"color:#418b0c\" class=\"has-inline-color\">den Bau eines Sportplatzes<\/span><\/strong><\/li><\/ul>\n\n\n\n<p class=\"has-large-font-size\">Dazu geh\u00f6rt zum einen die <strong>Neu- oder Umgestaltung Ihrer Au\u00dfenanlage<\/strong>. Ob Sie sich f\u00fcr den Sommer ein eigenes Sonnendeck w\u00fcnschen, einen Swimmingpool oder eine gr\u00f6\u00dfere Terrasse &#8211; transparent und zuverl\u00e4ssig \u00fcbernehmen wir die Planung, Gestaltung und vollst\u00e4ndige Fertigstellung Ihrer Gr\u00fcn- und Umgebungsfl\u00e4chen. Hierzu z\u00e4hlt auch die individuelle <strong>Gartengestaltung<\/strong> von Haus- und Wohng\u00e4rten. Unerheblich, ob sie Ihren alten Garten renovieren wollen oder eine Neuanlage beabsichtigen. Wir wollen, dass Sie sich in Ihrer Umgebung wohlf\u00fchlen und richtig entspannen k\u00f6nnen. So z\u00e4hlen zu unseren Leistungen auch das Anlegen Ihres Rasens (Aussaat oder Rollrasen), eines Teiches oder Bachlaufs, sowie die Errichtung zahlreicher Holzeinrichtungen (Sichtschutz, Gartenzaun etc.). Ihren Vorlieben entsprechend lassen wir Ihren Garten in einem neuen Glanz erstrahlen.<\/p>\n\n\n\n<p class=\"has-large-font-size\">Bei all diesen Leistungsangeboten stehen wir Ihnen von der Planung bis zur kompletten Fertigstellung mit Rat und Tat zur Seite.<\/p>\n\n\n\n<h1 class=\"has-text-color has-text-align-center\" style=\"color:#418b0c\"><strong>Gr\u00fcner wird\u2019s nicht &#8211; au\u00dfer mit uns!<\/strong><strong><\/strong><\/h1>\n\n\n\n<p class=\"has-large-font-size\">Sie haben einen Einblick in unser umfangreiches Leistungsangebot bekommen, jetzt liegt es an Ihnen. Gern w\u00fcrden wir Sie und Ihre Ideen kennenlernen und Ihnen als kompetenter Partner f\u00fcr die Verwirklichung Ihrer gr\u00fcnen W\u00fcnsche zur Seite stehen. Auf uns k\u00f6nnen Sie z\u00e4hlen, denn wir versprechen Ihnen eine verl\u00e4ssliche und transparente Auftragsbew\u00e4ltigung &#8211; von der Anfrage, \u00fcber die Beratung bis hin zur gesamten Abwicklung des Auftrages.<\/p>\n\n\n\n<p style=\"background-color:#418b0c;color:#ffffff;font-size:26px\" class=\"has-text-color has-background\"><strong>Scheuen Sie sich daher nicht davor uns direkt anzusprechen und sich von uns \u00fcberzeugen zu lassen. Lassen Sie uns gemeinsam an Ihrem Traum arbeiten!<\/strong><\/p>\n\n\n\n<\/div>\n\n\n\n<p><\/p>\n","protected":false},"excerpt":{"rendered":"<p>&nbsp; Wir verwirklichen Tr\u00e4ume! Der Traum vom eigenen Garten. Reich bepflanzt, individuell gepflegt und fachm\u00e4nnisch angelegt, erfreut er uns \u00fcber alle vier Jahreszeiten hinweg. Die Sehnsucht vieler Menschen nach der eigenen kleinen Gr\u00fcnfl\u00e4che \u00fcberrascht nicht. Kommen jedoch Arbeits- und Gestaltungsaufwand zum Vorschein, scheint der Traum bereits zu Ende zu sein, bevor mit der Umsetzung begonnen [&hellip;]<\/p>\n","protected":false},"author":1,"featured_media":0,"parent":0,"menu_order":0,"comment_status":"closed","ping_status":"closed","template":"","meta":[],"yoast_head":"<!-- This site is optimized with the Yoast SEO plugin v19.9 - https:\/\/yoast.com\/wordpress\/plugins\/seo\/ -->\n<title>TOSUN Garten- Landschafts- und Sportplatzbau GmbH<\/title>\n<meta name=\"description\" content=\"Wir sind der Spezialist f\u00fcr Garten-, Landschafts- und Sportplatzbau. Kontaktiersen Sie uns und erfahren Sie mehr!\" \/>\n<meta name=\"robots\" content=\"index, follow, max-snippet:-1, max-image-preview:large, max-video-preview:-1\" \/>\n<link rel=\"canonical\" href=\"https:\/\/galabautosun.de\/\" \/>\n<meta property=\"og:locale\" content=\"de_DE\" \/>\n<meta property=\"og:type\" content=\"article\" \/>\n<meta property=\"og:title\" content=\"TOSUN Garten- Landschafts- und Sportplatzbau GmbH\" \/>\n<meta property=\"og:description\" content=\"Wir sind der Spezialist f\u00fcr Garten-, Landschafts- und Sportplatzbau. Kontaktiersen Sie uns und erfahren Sie mehr!\" \/>\n<meta property=\"og:url\" content=\"https:\/\/galabautosun.de\/\" \/>\n<meta property=\"og:site_name\" content=\"TOSUN Garten- Landschafts- und Sportplatzbau GmbH\" \/>\n<meta property=\"article:modified_time\" content=\"2021-05-27T23:08:03+00:00\" \/>\n<meta name=\"twitter:card\" content=\"summary_large_image\" \/>\n<meta name=\"twitter:label1\" content=\"Gesch\u00e4tzte Lesezeit\" \/>\n\t<meta name=\"twitter:data1\" content=\"2\u00a0Minuten\" \/>\n<script type=\"application\/ld+json\" class=\"yoast-schema-graph\">{\"@context\":\"https:\/\/schema.org\",\"@graph\":[{\"@type\":\"WebPage\",\"@id\":\"https:\/\/galabautosun.de\/\",\"url\":\"https:\/\/galabautosun.de\/\",\"name\":\"TOSUN Garten- Landschafts- und Sportplatzbau GmbH\",\"isPartOf\":{\"@id\":\"https:\/\/galabautosun.de\/#website\"},\"datePublished\":\"2020-03-25T10:14:43+00:00\",\"dateModified\":\"2021-05-27T23:08:03+00:00\",\"description\":\"Wir sind der Spezialist f\u00fcr Garten-, Landschafts- und Sportplatzbau. Kontaktiersen Sie uns und erfahren Sie mehr!\",\"breadcrumb\":{\"@id\":\"https:\/\/galabautosun.de\/#breadcrumb\"},\"inLanguage\":\"de\",\"potentialAction\":[{\"@type\":\"ReadAction\",\"target\":[\"https:\/\/galabautosun.de\/\"]}]},{\"@type\":\"BreadcrumbList\",\"@id\":\"https:\/\/galabautosun.de\/#breadcrumb\",\"itemListElement\":[{\"@type\":\"ListItem\",\"position\":1,\"name\":\"Startseite\",\"item\":\"https:\/\/galabautosun.de\/\"},{\"@type\":\"ListItem\",\"position\":2,\"name\":\"Home\"}]},{\"@type\":\"WebSite\",\"@id\":\"https:\/\/galabautosun.de\/#website\",\"url\":\"https:\/\/galabautosun.de\/\",\"name\":\"TOSUN Garten- Landschafts- und Sportplatzbau GmbH\",\"description\":\"\",\"publisher\":{\"@id\":\"https:\/\/galabautosun.de\/#organization\"},\"potentialAction\":[{\"@type\":\"SearchAction\",\"target\":{\"@type\":\"EntryPoint\",\"urlTemplate\":\"https:\/\/galabautosun.de\/?s={search_term_string}\"},\"query-input\":\"required name=search_term_string\"}],\"inLanguage\":\"de\"},{\"@type\":\"Organization\",\"@id\":\"https:\/\/galabautosun.de\/#organization\",\"name\":\"TOSUN Garten- Landschafts- und Sportplatzbau GmbH\",\"url\":\"https:\/\/galabautosun.de\/\",\"logo\":{\"@type\":\"ImageObject\",\"inLanguage\":\"de\",\"@id\":\"https:\/\/galabautosun.de\/#\/schema\/logo\/image\/\",\"url\":\"https:\/\/galabautosun.de\/wp-content\/uploads\/2020\/03\/galabautosun-website-logo-1.svg\",\"contentUrl\":\"https:\/\/galabautosun.de\/wp-content\/uploads\/2020\/03\/galabautosun-website-logo-1.svg\",\"caption\":\"TOSUN Garten- Landschafts- und Sportplatzbau GmbH\"},\"image\":{\"@id\":\"https:\/\/galabautosun.de\/#\/schema\/logo\/image\/\"}}]}<\/script>\n<!-- \/ Yoast SEO plugin. -->","yoast_head_json":{"title":"TOSUN Garten- Landschafts- und Sportplatzbau GmbH","description":"Wir sind der Spezialist f\u00fcr Garten-, Landschafts- und Sportplatzbau. Kontaktiersen Sie uns und erfahren Sie mehr!","robots":{"index":"index","follow":"follow","max-snippet":"max-snippet:-1","max-image-preview":"max-image-preview:large","max-video-preview":"max-video-preview:-1"},"canonical":"https:\/\/galabautosun.de\/","og_locale":"de_DE","og_type":"article","og_title":"TOSUN Garten- Landschafts- und Sportplatzbau GmbH","og_description":"Wir sind der Spezialist f\u00fcr Garten-, Landschafts- und Sportplatzbau. Kontaktiersen Sie uns und erfahren Sie mehr!","og_url":"https:\/\/galabautosun.de\/","og_site_name":"TOSUN Garten- Landschafts- und Sportplatzbau GmbH","article_modified_time":"2021-05-27T23:08:03+00:00","twitter_card":"summary_large_image","twitter_misc":{"Gesch\u00e4tzte Lesezeit":"2\u00a0Minuten"},"schema":{"@context":"https:\/\/schema.org","@graph":[{"@type":"WebPage","@id":"https:\/\/galabautosun.de\/","url":"https:\/\/galabautosun.de\/","name":"TOSUN Garten- Landschafts- und Sportplatzbau GmbH","isPartOf":{"@id":"https:\/\/galabautosun.de\/#website"},"datePublished":"2020-03-25T10:14:43+00:00","dateModified":"2021-05-27T23:08:03+00:00","description":"Wir sind der Spezialist f\u00fcr Garten-, Landschafts- und Sportplatzbau. Kontaktiersen Sie uns und erfahren Sie mehr!","breadcrumb":{"@id":"https:\/\/galabautosun.de\/#breadcrumb"},"inLanguage":"de","potentialAction":[{"@type":"ReadAction","target":["https:\/\/galabautosun.de\/"]}]},{"@type":"BreadcrumbList","@id":"https:\/\/galabautosun.de\/#breadcrumb","itemListElement":[{"@type":"ListItem","position":1,"name":"Startseite","item":"https:\/\/galabautosun.de\/"},{"@type":"ListItem","position":2,"name":"Home"}]},{"@type":"WebSite","@id":"https:\/\/galabautosun.de\/#website","url":"https:\/\/galabautosun.de\/","name":"TOSUN Garten- Landschafts- und Sportplatzbau GmbH","description":"","publisher":{"@id":"https:\/\/galabautosun.de\/#organization"},"potentialAction":[{"@type":"SearchAction","target":{"@type":"EntryPoint","urlTemplate":"https:\/\/galabautosun.de\/?s={search_term_string}"},"query-input":"required name=search_term_string"}],"inLanguage":"de"},{"@type":"Organization","@id":"https:\/\/galabautosun.de\/#organization","name":"TOSUN Garten- Landschafts- und Sportplatzbau GmbH","url":"https:\/\/galabautosun.de\/","logo":{"@type":"ImageObject","inLanguage":"de","@id":"https:\/\/galabautosun.de\/#\/schema\/logo\/image\/","url":"https:\/\/galabautosun.de\/wp-content\/uploads\/2020\/03\/galabautosun-website-logo-1.svg","contentUrl":"https:\/\/galabautosun.de\/wp-content\/uploads\/2020\/03\/galabautosun-website-logo-1.svg","caption":"TOSUN Garten- Landschafts- und Sportplatzbau GmbH"},"image":{"@id":"https:\/\/galabautosun.de\/#\/schema\/logo\/image\/"}}]}},"_links":{"self":[{"href":"https:\/\/galabautosun.de\/index.php?rest_route=\/wp\/v2\/pages\/6"}],"collection":[{"href":"https:\/\/galabautosun.de\/index.php?rest_route=\/wp\/v2\/pages"}],"about":[{"href":"https:\/\/galabautosun.de\/index.php?rest_route=\/wp\/v2\/types\/page"}],"author":[{"embeddable":true,"href":"https:\/\/galabautosun.de\/index.php?rest_route=\/wp\/v2\/users\/1"}],"replies":[{"embeddable":true,"href":"https:\/\/galabautosun.de\/index.php?rest_route=%2Fwp%2Fv2%2Fcomments&post=6"}],"version-history":[{"count":43,"href":"https:\/\/galabautosun.de\/index.php?rest_route=\/wp\/v2\/pages\/6\/revisions"}],"predecessor-version":[{"id":516,"href":"https:\/\/galabautosun.de\/index.php?rest_route=\/wp\/v2\/pages\/6\/revisions\/516"}],"wp:attachment":[{"href":"https:\/\/galabautosun.de\/index.php?rest_route=%2Fwp%2Fv2%2Fmedia&parent=6"}],"curies":[{"name":"wp","href":"https:\/\/api.w.org\/{rel}","templated":true}]}}