{"id":201,"date":"2020-03-26T21:06:06","date_gmt":"2020-03-26T21:06:06","guid":{"rendered":"http:\/\/galabautosun.de\/?page_id=201"},"modified":"2020-04-10T21:45:32","modified_gmt":"2020-04-10T21:45:32","slug":"tiefbau","status":"publish","type":"page","link":"https:\/\/galabautosun.de\/?page_id=201","title":{"rendered":"Tiefbau und Erdarbeiten"},"content":{"rendered":"\n<div class=\"wp-block-image is-style-circle-mask\"><figure class=\"aligncenter size-large is-resized\"><img loading=\"lazy\" decoding=\"async\" src=\"http:\/\/galabautosun.de\/wp-content\/uploads\/2020\/03\/488-o-1024x684.jpg\" alt=\"\" class=\"wp-image-271\" width=\"597\" height=\"398\" srcset=\"https:\/\/galabautosun.de\/wp-content\/uploads\/2020\/03\/488-o-1024x684.jpg 1024w, https:\/\/galabautosun.de\/wp-content\/uploads\/2020\/03\/488-o-300x200.jpg 300w, https:\/\/galabautosun.de\/wp-content\/uploads\/2020\/03\/488-o-768x513.jpg 768w, https:\/\/galabautosun.de\/wp-content\/uploads\/2020\/03\/488-o.jpg 1200w\" sizes=\"auto, (max-width: 597px) 100vw, 597px\" \/><\/figure><\/div>\n\n\n\n<p class=\"has-text-color has-background has-text-align-center has-extra-font-size has-very-dark-gray-color has-very-light-gray-background-color\">Tiefbau und Erdarbeiten<\/p>\n\n\n\n<p class=\"has-larger-font-size\">Zugegeben, wir bewegen eine Menge. <br>Weshalb dann nicht auch noch Ihre Erde? <\/p>\n\n\n\n<p class=\"has-large-font-size\">Sie bildet die Grundlage Ihres Traumgartens und den N\u00e4hrboden ihrer Pflanzenvielfalt. Nicht unerheblich ist dabei die Bodenbeschaffenheit, die dar\u00fcber entscheidet, welche Vegetationen gedeihen k\u00f6nnen und ob ein stabiler Baugrund f\u00fcr Ihre gew\u00fcnschten Bauprojekte besteht. In vielen F\u00e4llen muss der Boden fachm\u00e4nnisch vorbereitet werden. Auch hier sind wir f\u00fcr Sie der richtige Partner, so dass Sie Ihre Auftr\u00e4ge im Bereich <strong>Tiefbau- und Erdarbeiten<\/strong> ebenfalls in unsere erfahrenen H\u00e4nde geben k\u00f6nnen. <\/p>\n\n\n\n<p class=\"has-large-font-size\">Durch unseren eigenen Lagerplatz in Wiesbaden haben wir zudem die M\u00f6glichkeit, Ihnen s\u00e4mtliche Materialien auf Anfrage zu liefern, einzubauen und zu verdichten.<\/p>\n\n\n\n<figure class=\"wp-block-gallery columns-3 is-cropped wp-block-gallery-1 is-layout-flex wp-block-gallery-is-layout-flex\"><ul class=\"blocks-gallery-grid\"><li class=\"blocks-gallery-item\"><figure><img loading=\"lazy\" decoding=\"async\" width=\"1024\" height=\"674\" src=\"http:\/\/galabautosun.de\/wp-content\/uploads\/2020\/03\/6423-o-1024x674.jpg\" alt=\"\" data-id=\"273\" data-full-url=\"http:\/\/galabautosun.de\/wp-content\/uploads\/2020\/03\/6423-o.jpg\" data-link=\"http:\/\/galabautosun.de\/?attachment_id=273\" class=\"wp-image-273\" srcset=\"https:\/\/galabautosun.de\/wp-content\/uploads\/2020\/03\/6423-o-1024x674.jpg 1024w, https:\/\/galabautosun.de\/wp-content\/uploads\/2020\/03\/6423-o-300x198.jpg 300w, https:\/\/galabautosun.de\/wp-content\/uploads\/2020\/03\/6423-o-768x506.jpg 768w, https:\/\/galabautosun.de\/wp-content\/uploads\/2020\/03\/6423-o.jpg 1200w\" sizes=\"auto, (max-width: 1024px) 100vw, 1024px\" \/><\/figure><\/li><li class=\"blocks-gallery-item\"><figure><img loading=\"lazy\" decoding=\"async\" width=\"600\" height=\"338\" src=\"http:\/\/galabautosun.de\/wp-content\/uploads\/2020\/03\/20170311-dsc06206.jpg\" alt=\"\" data-id=\"281\" data-full-url=\"http:\/\/galabautosun.de\/wp-content\/uploads\/2020\/03\/20170311-dsc06206.jpg\" data-link=\"http:\/\/galabautosun.de\/?attachment_id=281\" class=\"wp-image-281\" srcset=\"https:\/\/galabautosun.de\/wp-content\/uploads\/2020\/03\/20170311-dsc06206.jpg 600w, https:\/\/galabautosun.de\/wp-content\/uploads\/2020\/03\/20170311-dsc06206-300x169.jpg 300w\" sizes=\"auto, (max-width: 600px) 100vw, 600px\" \/><\/figure><\/li><li class=\"blocks-gallery-item\"><figure><img loading=\"lazy\" decoding=\"async\" width=\"600\" height=\"338\" src=\"http:\/\/galabautosun.de\/wp-content\/uploads\/2020\/03\/20170311-dsc06209.jpg\" alt=\"\" data-id=\"282\" data-full-url=\"http:\/\/galabautosun.de\/wp-content\/uploads\/2020\/03\/20170311-dsc06209.jpg\" data-link=\"http:\/\/galabautosun.de\/?attachment_id=282\" class=\"wp-image-282\" srcset=\"https:\/\/galabautosun.de\/wp-content\/uploads\/2020\/03\/20170311-dsc06209.jpg 600w, https:\/\/galabautosun.de\/wp-content\/uploads\/2020\/03\/20170311-dsc06209-300x169.jpg 300w\" sizes=\"auto, (max-width: 600px) 100vw, 600px\" \/><\/figure><\/li><li class=\"blocks-gallery-item\"><figure><img loading=\"lazy\" decoding=\"async\" width=\"600\" height=\"400\" src=\"http:\/\/galabautosun.de\/wp-content\/uploads\/2020\/03\/20170421-_dsc6288.jpg\" alt=\"\" data-id=\"286\" data-full-url=\"http:\/\/galabautosun.de\/wp-content\/uploads\/2020\/03\/20170421-_dsc6288.jpg\" data-link=\"http:\/\/galabautosun.de\/?attachment_id=286\" class=\"wp-image-286\" srcset=\"https:\/\/galabautosun.de\/wp-content\/uploads\/2020\/03\/20170421-_dsc6288.jpg 600w, https:\/\/galabautosun.de\/wp-content\/uploads\/2020\/03\/20170421-_dsc6288-300x200.jpg 300w\" sizes=\"auto, (max-width: 600px) 100vw, 600px\" \/><\/figure><\/li><li class=\"blocks-gallery-item\"><figure><img loading=\"lazy\" decoding=\"async\" width=\"1024\" height=\"684\" src=\"http:\/\/galabautosun.de\/wp-content\/uploads\/2020\/03\/488-o-1024x684.jpg\" alt=\"\" data-id=\"271\" data-full-url=\"http:\/\/galabautosun.de\/wp-content\/uploads\/2020\/03\/488-o.jpg\" data-link=\"http:\/\/galabautosun.de\/?attachment_id=271\" class=\"wp-image-271\" srcset=\"https:\/\/galabautosun.de\/wp-content\/uploads\/2020\/03\/488-o-1024x684.jpg 1024w, https:\/\/galabautosun.de\/wp-content\/uploads\/2020\/03\/488-o-300x200.jpg 300w, https:\/\/galabautosun.de\/wp-content\/uploads\/2020\/03\/488-o-768x513.jpg 768w, https:\/\/galabautosun.de\/wp-content\/uploads\/2020\/03\/488-o.jpg 1200w\" sizes=\"auto, (max-width: 1024px) 100vw, 1024px\" \/><\/figure><\/li><li class=\"blocks-gallery-item\"><figure><img loading=\"lazy\" decoding=\"async\" width=\"600\" height=\"400\" src=\"http:\/\/galabautosun.de\/wp-content\/uploads\/2020\/03\/20170421-_dsc6280.jpg\" alt=\"\" data-id=\"285\" data-full-url=\"http:\/\/galabautosun.de\/wp-content\/uploads\/2020\/03\/20170421-_dsc6280.jpg\" data-link=\"http:\/\/galabautosun.de\/?attachment_id=285\" class=\"wp-image-285\" srcset=\"https:\/\/galabautosun.de\/wp-content\/uploads\/2020\/03\/20170421-_dsc6280.jpg 600w, https:\/\/galabautosun.de\/wp-content\/uploads\/2020\/03\/20170421-_dsc6280-300x200.jpg 300w\" sizes=\"auto, (max-width: 600px) 100vw, 600px\" \/><\/figure><\/li><li class=\"blocks-gallery-item\"><figure><img loading=\"lazy\" decoding=\"async\" width=\"600\" height=\"338\" src=\"http:\/\/galabautosun.de\/wp-content\/uploads\/2020\/03\/20170421-dsc06808.jpg\" alt=\"\" data-id=\"296\" data-full-url=\"http:\/\/galabautosun.de\/wp-content\/uploads\/2020\/03\/20170421-dsc06808.jpg\" data-link=\"http:\/\/galabautosun.de\/?attachment_id=296\" class=\"wp-image-296\" srcset=\"https:\/\/galabautosun.de\/wp-content\/uploads\/2020\/03\/20170421-dsc06808.jpg 600w, https:\/\/galabautosun.de\/wp-content\/uploads\/2020\/03\/20170421-dsc06808-300x169.jpg 300w\" sizes=\"auto, (max-width: 600px) 100vw, 600px\" \/><\/figure><\/li><li class=\"blocks-gallery-item\"><figure><img loading=\"lazy\" decoding=\"async\" width=\"600\" height=\"500\" src=\"http:\/\/galabautosun.de\/wp-content\/uploads\/2020\/03\/album-4.jpg\" alt=\"\" data-id=\"309\" data-full-url=\"http:\/\/galabautosun.de\/wp-content\/uploads\/2020\/03\/album-4.jpg\" data-link=\"http:\/\/galabautosun.de\/?attachment_id=309\" class=\"wp-image-309\" srcset=\"https:\/\/galabautosun.de\/wp-content\/uploads\/2020\/03\/album-4.jpg 600w, https:\/\/galabautosun.de\/wp-content\/uploads\/2020\/03\/album-4-300x250.jpg 300w\" sizes=\"auto, (max-width: 600px) 100vw, 600px\" \/><\/figure><\/li><li class=\"blocks-gallery-item\"><figure><img loading=\"lazy\" decoding=\"async\" width=\"600\" height=\"338\" src=\"http:\/\/galabautosun.de\/wp-content\/uploads\/2020\/03\/20170421-dsc06812.jpg\" alt=\"\" data-id=\"300\" data-full-url=\"http:\/\/galabautosun.de\/wp-content\/uploads\/2020\/03\/20170421-dsc06812.jpg\" data-link=\"http:\/\/galabautosun.de\/?attachment_id=300\" class=\"wp-image-300\" srcset=\"https:\/\/galabautosun.de\/wp-content\/uploads\/2020\/03\/20170421-dsc06812.jpg 600w, https:\/\/galabautosun.de\/wp-content\/uploads\/2020\/03\/20170421-dsc06812-300x169.jpg 300w\" sizes=\"auto, (max-width: 600px) 100vw, 600px\" \/><\/figure><\/li><li class=\"blocks-gallery-item\"><figure><img loading=\"lazy\" decoding=\"async\" width=\"600\" height=\"500\" src=\"http:\/\/galabautosun.de\/wp-content\/uploads\/2020\/03\/album-28.jpg\" alt=\"\" data-id=\"326\" data-full-url=\"http:\/\/galabautosun.de\/wp-content\/uploads\/2020\/03\/album-28.jpg\" data-link=\"http:\/\/galabautosun.de\/?attachment_id=326\" class=\"wp-image-326\" srcset=\"https:\/\/galabautosun.de\/wp-content\/uploads\/2020\/03\/album-28.jpg 600w, https:\/\/galabautosun.de\/wp-content\/uploads\/2020\/03\/album-28-300x250.jpg 300w\" sizes=\"auto, (max-width: 600px) 100vw, 600px\" \/><\/figure><\/li><li class=\"blocks-gallery-item\"><figure><img loading=\"lazy\" decoding=\"async\" width=\"600\" height=\"500\" src=\"http:\/\/galabautosun.de\/wp-content\/uploads\/2020\/03\/album-38.jpg\" alt=\"\" data-id=\"325\" data-full-url=\"http:\/\/galabautosun.de\/wp-content\/uploads\/2020\/03\/album-38.jpg\" data-link=\"http:\/\/galabautosun.de\/?attachment_id=325\" class=\"wp-image-325\" srcset=\"https:\/\/galabautosun.de\/wp-content\/uploads\/2020\/03\/album-38.jpg 600w, https:\/\/galabautosun.de\/wp-content\/uploads\/2020\/03\/album-38-300x250.jpg 300w\" sizes=\"auto, (max-width: 600px) 100vw, 600px\" \/><\/figure><\/li><\/ul><\/figure>\n\n\n\n<p style=\"color:#418b0c\" class=\"has-text-color has-extra-font-size\"><strong>Melden Sie sich bei uns und erfahren Sie mehr!<\/strong><\/p>\n","protected":false},"excerpt":{"rendered":"<p>Tiefbau und Erdarbeiten Zugegeben, wir bewegen eine Menge. Weshalb dann nicht auch noch Ihre Erde? Sie bildet die Grundlage Ihres Traumgartens und den N\u00e4hrboden ihrer Pflanzenvielfalt. Nicht unerheblich ist dabei die Bodenbeschaffenheit, die dar\u00fcber entscheidet, welche Vegetationen gedeihen k\u00f6nnen und ob ein stabiler Baugrund f\u00fcr Ihre gew\u00fcnschten Bauprojekte besteht. In vielen F\u00e4llen muss der Boden [&hellip;]<\/p>\n","protected":false},"author":1,"featured_media":0,"parent":0,"menu_order":0,"comment_status":"closed","ping_status":"closed","template":"","meta":{"footnotes":""},"class_list":["post-201","page","type-page","status-publish","hentry","wpbf-post"],"yoast_head":"<!-- This site is optimized with the Yoast SEO plugin v27.5 - https:\/\/yoast.com\/product\/yoast-seo-wordpress\/ -->\n<title>Tiefbau und Erdarbeiten - TOSUN Garten- Landschafts- und Sportplatzbau GmbH<\/title>\n<meta name=\"robots\" content=\"index, follow, max-snippet:-1, max-image-preview:large, max-video-preview:-1\" \/>\n<link rel=\"canonical\" href=\"https:\/\/galabautosun.de\/?page_id=201\" \/>\n<meta property=\"og:locale\" content=\"de_DE\" \/>\n<meta property=\"og:type\" content=\"article\" \/>\n<meta property=\"og:title\" content=\"Tiefbau und Erdarbeiten - TOSUN Garten- Landschafts- und Sportplatzbau GmbH\" \/>\n<meta property=\"og:description\" content=\"Tiefbau und Erdarbeiten Zugegeben, wir bewegen eine Menge. Weshalb dann nicht auch noch Ihre Erde? Sie bildet die Grundlage Ihres Traumgartens und den N\u00e4hrboden ihrer Pflanzenvielfalt. Nicht unerheblich ist dabei die Bodenbeschaffenheit, die dar\u00fcber entscheidet, welche Vegetationen gedeihen k\u00f6nnen und ob ein stabiler Baugrund f\u00fcr Ihre gew\u00fcnschten Bauprojekte besteht. In vielen F\u00e4llen muss der Boden [&hellip;]\" \/>\n<meta property=\"og:url\" content=\"https:\/\/galabautosun.de\/?page_id=201\" \/>\n<meta property=\"og:site_name\" content=\"TOSUN Garten- Landschafts- und Sportplatzbau GmbH\" \/>\n<meta property=\"article:modified_time\" content=\"2020-04-10T21:45:32+00:00\" \/>\n<meta property=\"og:image\" content=\"http:\/\/galabautosun.de\/wp-content\/uploads\/2020\/03\/488-o-1024x684.jpg\" \/>\n<meta name=\"twitter:card\" content=\"summary_large_image\" \/>\n<meta name=\"twitter:label1\" content=\"Gesch\u00e4tzte Lesezeit\" \/>\n\t<meta name=\"twitter:data1\" content=\"1\u00a0Minute\" \/>\n<script type=\"application\/ld+json\" class=\"yoast-schema-graph\">{\"@context\":\"https:\\\/\\\/schema.org\",\"@graph\":[{\"@type\":\"WebPage\",\"@id\":\"https:\\\/\\\/galabautosun.de\\\/?page_id=201\",\"url\":\"https:\\\/\\\/galabautosun.de\\\/?page_id=201\",\"name\":\"Tiefbau und Erdarbeiten - TOSUN Garten- Landschafts- und Sportplatzbau GmbH\",\"isPartOf\":{\"@id\":\"https:\\\/\\\/galabautosun.de\\\/#website\"},\"primaryImageOfPage\":{\"@id\":\"https:\\\/\\\/galabautosun.de\\\/?page_id=201#primaryimage\"},\"image\":{\"@id\":\"https:\\\/\\\/galabautosun.de\\\/?page_id=201#primaryimage\"},\"thumbnailUrl\":\"http:\\\/\\\/galabautosun.de\\\/wp-content\\\/uploads\\\/2020\\\/03\\\/488-o-1024x684.jpg\",\"datePublished\":\"2020-03-26T21:06:06+00:00\",\"dateModified\":\"2020-04-10T21:45:32+00:00\",\"breadcrumb\":{\"@id\":\"https:\\\/\\\/galabautosun.de\\\/?page_id=201#breadcrumb\"},\"inLanguage\":\"de\",\"potentialAction\":[{\"@type\":\"ReadAction\",\"target\":[\"https:\\\/\\\/galabautosun.de\\\/?page_id=201\"]}]},{\"@type\":\"ImageObject\",\"inLanguage\":\"de\",\"@id\":\"https:\\\/\\\/galabautosun.de\\\/?page_id=201#primaryimage\",\"url\":\"http:\\\/\\\/galabautosun.de\\\/wp-content\\\/uploads\\\/2020\\\/03\\\/488-o-1024x684.jpg\",\"contentUrl\":\"http:\\\/\\\/galabautosun.de\\\/wp-content\\\/uploads\\\/2020\\\/03\\\/488-o-1024x684.jpg\"},{\"@type\":\"BreadcrumbList\",\"@id\":\"https:\\\/\\\/galabautosun.de\\\/?page_id=201#breadcrumb\",\"itemListElement\":[{\"@type\":\"ListItem\",\"position\":1,\"name\":\"Startseite\",\"item\":\"https:\\\/\\\/galabautosun.de\\\/\"},{\"@type\":\"ListItem\",\"position\":2,\"name\":\"Tiefbau und Erdarbeiten\"}]},{\"@type\":\"WebSite\",\"@id\":\"https:\\\/\\\/galabautosun.de\\\/#website\",\"url\":\"https:\\\/\\\/galabautosun.de\\\/\",\"name\":\"TOSUN Garten- Landschafts- und Sportplatzbau GmbH\",\"description\":\"\",\"publisher\":{\"@id\":\"https:\\\/\\\/galabautosun.de\\\/#organization\"},\"potentialAction\":[{\"@type\":\"SearchAction\",\"target\":{\"@type\":\"EntryPoint\",\"urlTemplate\":\"https:\\\/\\\/galabautosun.de\\\/?s={search_term_string}\"},\"query-input\":{\"@type\":\"PropertyValueSpecification\",\"valueRequired\":true,\"valueName\":\"search_term_string\"}}],\"inLanguage\":\"de\"},{\"@type\":\"Organization\",\"@id\":\"https:\\\/\\\/galabautosun.de\\\/#organization\",\"name\":\"TOSUN Garten- Landschafts- und Sportplatzbau GmbH\",\"url\":\"https:\\\/\\\/galabautosun.de\\\/\",\"logo\":{\"@type\":\"ImageObject\",\"inLanguage\":\"de\",\"@id\":\"https:\\\/\\\/galabautosun.de\\\/#\\\/schema\\\/logo\\\/image\\\/\",\"url\":\"https:\\\/\\\/galabautosun.de\\\/wp-content\\\/uploads\\\/2020\\\/03\\\/galabautosun-website-logo-1.svg\",\"contentUrl\":\"https:\\\/\\\/galabautosun.de\\\/wp-content\\\/uploads\\\/2020\\\/03\\\/galabautosun-website-logo-1.svg\",\"caption\":\"TOSUN Garten- Landschafts- und Sportplatzbau GmbH\"},\"image\":{\"@id\":\"https:\\\/\\\/galabautosun.de\\\/#\\\/schema\\\/logo\\\/image\\\/\"}}]}<\/script>\n<!-- \/ Yoast SEO plugin. -->","yoast_head_json":{"title":"Tiefbau und Erdarbeiten - TOSUN Garten- Landschafts- und Sportplatzbau GmbH","robots":{"index":"index","follow":"follow","max-snippet":"max-snippet:-1","max-image-preview":"max-image-preview:large","max-video-preview":"max-video-preview:-1"},"canonical":"https:\/\/galabautosun.de\/?page_id=201","og_locale":"de_DE","og_type":"article","og_title":"Tiefbau und Erdarbeiten - TOSUN Garten- Landschafts- und Sportplatzbau GmbH","og_description":"Tiefbau und Erdarbeiten Zugegeben, wir bewegen eine Menge. Weshalb dann nicht auch noch Ihre Erde? Sie bildet die Grundlage Ihres Traumgartens und den N\u00e4hrboden ihrer Pflanzenvielfalt. Nicht unerheblich ist dabei die Bodenbeschaffenheit, die dar\u00fcber entscheidet, welche Vegetationen gedeihen k\u00f6nnen und ob ein stabiler Baugrund f\u00fcr Ihre gew\u00fcnschten Bauprojekte besteht. In vielen F\u00e4llen muss der Boden [&hellip;]","og_url":"https:\/\/galabautosun.de\/?page_id=201","og_site_name":"TOSUN Garten- Landschafts- und Sportplatzbau GmbH","article_modified_time":"2020-04-10T21:45:32+00:00","og_image":[{"url":"http:\/\/galabautosun.de\/wp-content\/uploads\/2020\/03\/488-o-1024x684.jpg","type":"","width":"","height":""}],"twitter_card":"summary_large_image","twitter_misc":{"Gesch\u00e4tzte Lesezeit":"1\u00a0Minute"},"schema":{"@context":"https:\/\/schema.org","@graph":[{"@type":"WebPage","@id":"https:\/\/galabautosun.de\/?page_id=201","url":"https:\/\/galabautosun.de\/?page_id=201","name":"Tiefbau und Erdarbeiten - TOSUN Garten- Landschafts- und Sportplatzbau GmbH","isPartOf":{"@id":"https:\/\/galabautosun.de\/#website"},"primaryImageOfPage":{"@id":"https:\/\/galabautosun.de\/?page_id=201#primaryimage"},"image":{"@id":"https:\/\/galabautosun.de\/?page_id=201#primaryimage"},"thumbnailUrl":"http:\/\/galabautosun.de\/wp-content\/uploads\/2020\/03\/488-o-1024x684.jpg","datePublished":"2020-03-26T21:06:06+00:00","dateModified":"2020-04-10T21:45:32+00:00","breadcrumb":{"@id":"https:\/\/galabautosun.de\/?page_id=201#breadcrumb"},"inLanguage":"de","potentialAction":[{"@type":"ReadAction","target":["https:\/\/galabautosun.de\/?page_id=201"]}]},{"@type":"ImageObject","inLanguage":"de","@id":"https:\/\/galabautosun.de\/?page_id=201#primaryimage","url":"http:\/\/galabautosun.de\/wp-content\/uploads\/2020\/03\/488-o-1024x684.jpg","contentUrl":"http:\/\/galabautosun.de\/wp-content\/uploads\/2020\/03\/488-o-1024x684.jpg"},{"@type":"BreadcrumbList","@id":"https:\/\/galabautosun.de\/?page_id=201#breadcrumb","itemListElement":[{"@type":"ListItem","position":1,"name":"Startseite","item":"https:\/\/galabautosun.de\/"},{"@type":"ListItem","position":2,"name":"Tiefbau und Erdarbeiten"}]},{"@type":"WebSite","@id":"https:\/\/galabautosun.de\/#website","url":"https:\/\/galabautosun.de\/","name":"TOSUN Garten- Landschafts- und Sportplatzbau GmbH","description":"","publisher":{"@id":"https:\/\/galabautosun.de\/#organization"},"potentialAction":[{"@type":"SearchAction","target":{"@type":"EntryPoint","urlTemplate":"https:\/\/galabautosun.de\/?s={search_term_string}"},"query-input":{"@type":"PropertyValueSpecification","valueRequired":true,"valueName":"search_term_string"}}],"inLanguage":"de"},{"@type":"Organization","@id":"https:\/\/galabautosun.de\/#organization","name":"TOSUN Garten- Landschafts- und Sportplatzbau GmbH","url":"https:\/\/galabautosun.de\/","logo":{"@type":"ImageObject","inLanguage":"de","@id":"https:\/\/galabautosun.de\/#\/schema\/logo\/image\/","url":"https:\/\/galabautosun.de\/wp-content\/uploads\/2020\/03\/galabautosun-website-logo-1.svg","contentUrl":"https:\/\/galabautosun.de\/wp-content\/uploads\/2020\/03\/galabautosun-website-logo-1.svg","caption":"TOSUN Garten- Landschafts- und Sportplatzbau GmbH"},"image":{"@id":"https:\/\/galabautosun.de\/#\/schema\/logo\/image\/"}}]}},"_links":{"self":[{"href":"https:\/\/galabautosun.de\/index.php?rest_route=\/wp\/v2\/pages\/201","targetHints":{"allow":["GET"]}}],"collection":[{"href":"https:\/\/galabautosun.de\/index.php?rest_route=\/wp\/v2\/pages"}],"about":[{"href":"https:\/\/galabautosun.de\/index.php?rest_route=\/wp\/v2\/types\/page"}],"author":[{"embeddable":true,"href":"https:\/\/galabautosun.de\/index.php?rest_route=\/wp\/v2\/users\/1"}],"replies":[{"embeddable":true,"href":"https:\/\/galabautosun.de\/index.php?rest_route=%2Fwp%2Fv2%2Fcomments&post=201"}],"version-history":[{"count":8,"href":"https:\/\/galabautosun.de\/index.php?rest_route=\/wp\/v2\/pages\/201\/revisions"}],"predecessor-version":[{"id":479,"href":"https:\/\/galabautosun.de\/index.php?rest_route=\/wp\/v2\/pages\/201\/revisions\/479"}],"wp:attachment":[{"href":"https:\/\/galabautosun.de\/index.php?rest_route=%2Fwp%2Fv2%2Fmedia&parent=201"}],"curies":[{"name":"wp","href":"https:\/\/api.w.org\/{rel}","templated":true}]}}