{"id":200,"date":"2020-03-26T21:06:06","date_gmt":"2020-03-26T21:06:06","guid":{"rendered":"http:\/\/galabautosun.de\/?page_id=200"},"modified":"2020-04-10T21:43:38","modified_gmt":"2020-04-10T21:43:38","slug":"sportplatzbau","status":"publish","type":"page","link":"https:\/\/galabautosun.de\/?page_id=200","title":{"rendered":"Sportplatzbau"},"content":{"rendered":"\n<div class=\"wp-block-image is-style-circle-mask\"><figure class=\"aligncenter size-large is-resized\"><img loading=\"lazy\" src=\"http:\/\/galabautosun.de\/wp-content\/uploads\/2020\/03\/1636-o.jpg\" alt=\"\" class=\"wp-image-267\" width=\"451\" height=\"300\" srcset=\"https:\/\/galabautosun.de\/wp-content\/uploads\/2020\/03\/1636-o.jpg 1200w, https:\/\/galabautosun.de\/wp-content\/uploads\/2020\/03\/1636-o-300x200.jpg 300w, https:\/\/galabautosun.de\/wp-content\/uploads\/2020\/03\/1636-o-1024x683.jpg 1024w, https:\/\/galabautosun.de\/wp-content\/uploads\/2020\/03\/1636-o-768x512.jpg 768w\" sizes=\"(max-width: 451px) 100vw, 451px\" \/><\/figure><\/div>\n\n\n\n<p class=\"has-text-color has-background has-text-align-center has-extra-font-size has-very-dark-gray-color has-very-light-gray-background-color\">Sportplatzbau<\/p>\n\n\n\n<p class=\"has-large-font-size\">Da nicht nur die Natur und das heimische Gr\u00fcn f\u00fcr unsere Gesundheit eine entscheidende Rolle spielen, sondern auch der Sport, bieten wir Ihnen zus\u00e4tzlich zu unseren oben genannten Leistungen auch den <strong>Bau eines Sportplatzes<\/strong> an. Auf Grundlage unserer Projektplanungen erstellen wir professionelle Sportanlagen mit Naturrasen, einen Kunstrasenplatz oder Laufbahnen mit Kunststoff- oder Tennenbelag. Hierzu z\u00e4hlen auch Reitpl\u00e4tze und Beach-Volleyball-Pl\u00e4tze.<\/p>\n\n\n\n<figure class=\"wp-container-2 wp-block-gallery-1 wp-block-gallery columns-2 is-cropped\"><ul class=\"blocks-gallery-grid\"><li class=\"blocks-gallery-item\"><figure><img loading=\"lazy\" width=\"1024\" height=\"683\" src=\"http:\/\/galabautosun.de\/wp-content\/uploads\/2020\/03\/2491-o-1024x683.jpg\" alt=\"\" data-id=\"268\" data-full-url=\"http:\/\/galabautosun.de\/wp-content\/uploads\/2020\/03\/2491-o.jpg\" data-link=\"http:\/\/galabautosun.de\/?attachment_id=268\" class=\"wp-image-268\" srcset=\"https:\/\/galabautosun.de\/wp-content\/uploads\/2020\/03\/2491-o-1024x683.jpg 1024w, https:\/\/galabautosun.de\/wp-content\/uploads\/2020\/03\/2491-o-300x200.jpg 300w, https:\/\/galabautosun.de\/wp-content\/uploads\/2020\/03\/2491-o-768x512.jpg 768w, https:\/\/galabautosun.de\/wp-content\/uploads\/2020\/03\/2491-o.jpg 1200w\" sizes=\"(max-width: 1024px) 100vw, 1024px\" \/><\/figure><\/li><li class=\"blocks-gallery-item\"><figure><img loading=\"lazy\" width=\"1024\" height=\"681\" src=\"http:\/\/galabautosun.de\/wp-content\/uploads\/2020\/03\/607-o-1024x681.jpg\" alt=\"\" data-id=\"266\" data-full-url=\"http:\/\/galabautosun.de\/wp-content\/uploads\/2020\/03\/607-o.jpg\" data-link=\"http:\/\/galabautosun.de\/?attachment_id=266\" class=\"wp-image-266\" srcset=\"https:\/\/galabautosun.de\/wp-content\/uploads\/2020\/03\/607-o-1024x681.jpg 1024w, https:\/\/galabautosun.de\/wp-content\/uploads\/2020\/03\/607-o-300x200.jpg 300w, https:\/\/galabautosun.de\/wp-content\/uploads\/2020\/03\/607-o-768x511.jpg 768w, https:\/\/galabautosun.de\/wp-content\/uploads\/2020\/03\/607-o.jpg 1200w\" sizes=\"(max-width: 1024px) 100vw, 1024px\" \/><\/figure><\/li><li class=\"blocks-gallery-item\"><figure><img loading=\"lazy\" width=\"1024\" height=\"683\" src=\"http:\/\/galabautosun.de\/wp-content\/uploads\/2020\/03\/1636-o-1024x683.jpg\" alt=\"\" data-id=\"267\" data-full-url=\"http:\/\/galabautosun.de\/wp-content\/uploads\/2020\/03\/1636-o.jpg\" data-link=\"http:\/\/galabautosun.de\/?attachment_id=267\" class=\"wp-image-267\" srcset=\"https:\/\/galabautosun.de\/wp-content\/uploads\/2020\/03\/1636-o-1024x683.jpg 1024w, https:\/\/galabautosun.de\/wp-content\/uploads\/2020\/03\/1636-o-300x200.jpg 300w, https:\/\/galabautosun.de\/wp-content\/uploads\/2020\/03\/1636-o-768x512.jpg 768w, https:\/\/galabautosun.de\/wp-content\/uploads\/2020\/03\/1636-o.jpg 1200w\" sizes=\"(max-width: 1024px) 100vw, 1024px\" \/><\/figure><\/li><\/ul><\/figure>\n\n\n\n<p style=\"color:#418b0c\" class=\"has-text-color has-extra-font-size\"><strong>Melden Sie sich bei uns und erfahren Sie mehr!<\/strong><\/p>\n","protected":false},"excerpt":{"rendered":"<p>Sportplatzbau Da nicht nur die Natur und das heimische Gr\u00fcn f\u00fcr unsere Gesundheit eine entscheidende Rolle spielen, sondern auch der Sport, bieten wir Ihnen zus\u00e4tzlich zu unseren oben genannten Leistungen auch den Bau eines Sportplatzes an. Auf Grundlage unserer Projektplanungen erstellen wir professionelle Sportanlagen mit Naturrasen, einen Kunstrasenplatz oder Laufbahnen mit Kunststoff- oder Tennenbelag. Hierzu [&hellip;]<\/p>\n","protected":false},"author":1,"featured_media":0,"parent":0,"menu_order":0,"comment_status":"closed","ping_status":"closed","template":"","meta":[],"yoast_head":"<!-- This site is optimized with the Yoast SEO plugin v19.9 - https:\/\/yoast.com\/wordpress\/plugins\/seo\/ -->\n<title>Sportplatzbau - TOSUN Garten- Landschafts- und Sportplatzbau GmbH<\/title>\n<meta name=\"robots\" content=\"index, follow, max-snippet:-1, max-image-preview:large, max-video-preview:-1\" \/>\n<link rel=\"canonical\" href=\"https:\/\/galabautosun.de\/?page_id=200\" \/>\n<meta property=\"og:locale\" content=\"de_DE\" \/>\n<meta property=\"og:type\" content=\"article\" \/>\n<meta property=\"og:title\" content=\"Sportplatzbau - TOSUN Garten- Landschafts- und Sportplatzbau GmbH\" \/>\n<meta property=\"og:description\" content=\"Sportplatzbau Da nicht nur die Natur und das heimische Gr\u00fcn f\u00fcr unsere Gesundheit eine entscheidende Rolle spielen, sondern auch der Sport, bieten wir Ihnen zus\u00e4tzlich zu unseren oben genannten Leistungen auch den Bau eines Sportplatzes an. Auf Grundlage unserer Projektplanungen erstellen wir professionelle Sportanlagen mit Naturrasen, einen Kunstrasenplatz oder Laufbahnen mit Kunststoff- oder Tennenbelag. Hierzu [&hellip;]\" \/>\n<meta property=\"og:url\" content=\"https:\/\/galabautosun.de\/?page_id=200\" \/>\n<meta property=\"og:site_name\" content=\"TOSUN Garten- Landschafts- und Sportplatzbau GmbH\" \/>\n<meta property=\"article:modified_time\" content=\"2020-04-10T21:43:38+00:00\" \/>\n<meta property=\"og:image\" content=\"http:\/\/galabautosun.de\/wp-content\/uploads\/2020\/03\/1636-o.jpg\" \/>\n<meta name=\"twitter:card\" content=\"summary_large_image\" \/>\n<script type=\"application\/ld+json\" class=\"yoast-schema-graph\">{\"@context\":\"https:\/\/schema.org\",\"@graph\":[{\"@type\":\"WebPage\",\"@id\":\"https:\/\/galabautosun.de\/?page_id=200\",\"url\":\"https:\/\/galabautosun.de\/?page_id=200\",\"name\":\"Sportplatzbau - TOSUN Garten- Landschafts- und Sportplatzbau GmbH\",\"isPartOf\":{\"@id\":\"https:\/\/galabautosun.de\/#website\"},\"datePublished\":\"2020-03-26T21:06:06+00:00\",\"dateModified\":\"2020-04-10T21:43:38+00:00\",\"breadcrumb\":{\"@id\":\"https:\/\/galabautosun.de\/?page_id=200#breadcrumb\"},\"inLanguage\":\"de\",\"potentialAction\":[{\"@type\":\"ReadAction\",\"target\":[\"https:\/\/galabautosun.de\/?page_id=200\"]}]},{\"@type\":\"BreadcrumbList\",\"@id\":\"https:\/\/galabautosun.de\/?page_id=200#breadcrumb\",\"itemListElement\":[{\"@type\":\"ListItem\",\"position\":1,\"name\":\"Startseite\",\"item\":\"https:\/\/galabautosun.de\/\"},{\"@type\":\"ListItem\",\"position\":2,\"name\":\"Sportplatzbau\"}]},{\"@type\":\"WebSite\",\"@id\":\"https:\/\/galabautosun.de\/#website\",\"url\":\"https:\/\/galabautosun.de\/\",\"name\":\"TOSUN Garten- Landschafts- und Sportplatzbau GmbH\",\"description\":\"\",\"publisher\":{\"@id\":\"https:\/\/galabautosun.de\/#organization\"},\"potentialAction\":[{\"@type\":\"SearchAction\",\"target\":{\"@type\":\"EntryPoint\",\"urlTemplate\":\"https:\/\/galabautosun.de\/?s={search_term_string}\"},\"query-input\":\"required name=search_term_string\"}],\"inLanguage\":\"de\"},{\"@type\":\"Organization\",\"@id\":\"https:\/\/galabautosun.de\/#organization\",\"name\":\"TOSUN Garten- Landschafts- und Sportplatzbau GmbH\",\"url\":\"https:\/\/galabautosun.de\/\",\"logo\":{\"@type\":\"ImageObject\",\"inLanguage\":\"de\",\"@id\":\"https:\/\/galabautosun.de\/#\/schema\/logo\/image\/\",\"url\":\"https:\/\/galabautosun.de\/wp-content\/uploads\/2020\/03\/galabautosun-website-logo-1.svg\",\"contentUrl\":\"https:\/\/galabautosun.de\/wp-content\/uploads\/2020\/03\/galabautosun-website-logo-1.svg\",\"caption\":\"TOSUN Garten- Landschafts- und Sportplatzbau GmbH\"},\"image\":{\"@id\":\"https:\/\/galabautosun.de\/#\/schema\/logo\/image\/\"}}]}<\/script>\n<!-- \/ Yoast SEO plugin. -->","yoast_head_json":{"title":"Sportplatzbau - TOSUN Garten- Landschafts- und Sportplatzbau GmbH","robots":{"index":"index","follow":"follow","max-snippet":"max-snippet:-1","max-image-preview":"max-image-preview:large","max-video-preview":"max-video-preview:-1"},"canonical":"https:\/\/galabautosun.de\/?page_id=200","og_locale":"de_DE","og_type":"article","og_title":"Sportplatzbau - TOSUN Garten- Landschafts- und Sportplatzbau GmbH","og_description":"Sportplatzbau Da nicht nur die Natur und das heimische Gr\u00fcn f\u00fcr unsere Gesundheit eine entscheidende Rolle spielen, sondern auch der Sport, bieten wir Ihnen zus\u00e4tzlich zu unseren oben genannten Leistungen auch den Bau eines Sportplatzes an. Auf Grundlage unserer Projektplanungen erstellen wir professionelle Sportanlagen mit Naturrasen, einen Kunstrasenplatz oder Laufbahnen mit Kunststoff- oder Tennenbelag. Hierzu [&hellip;]","og_url":"https:\/\/galabautosun.de\/?page_id=200","og_site_name":"TOSUN Garten- Landschafts- und Sportplatzbau GmbH","article_modified_time":"2020-04-10T21:43:38+00:00","og_image":[{"url":"http:\/\/galabautosun.de\/wp-content\/uploads\/2020\/03\/1636-o.jpg"}],"twitter_card":"summary_large_image","schema":{"@context":"https:\/\/schema.org","@graph":[{"@type":"WebPage","@id":"https:\/\/galabautosun.de\/?page_id=200","url":"https:\/\/galabautosun.de\/?page_id=200","name":"Sportplatzbau - TOSUN Garten- Landschafts- und Sportplatzbau GmbH","isPartOf":{"@id":"https:\/\/galabautosun.de\/#website"},"datePublished":"2020-03-26T21:06:06+00:00","dateModified":"2020-04-10T21:43:38+00:00","breadcrumb":{"@id":"https:\/\/galabautosun.de\/?page_id=200#breadcrumb"},"inLanguage":"de","potentialAction":[{"@type":"ReadAction","target":["https:\/\/galabautosun.de\/?page_id=200"]}]},{"@type":"BreadcrumbList","@id":"https:\/\/galabautosun.de\/?page_id=200#breadcrumb","itemListElement":[{"@type":"ListItem","position":1,"name":"Startseite","item":"https:\/\/galabautosun.de\/"},{"@type":"ListItem","position":2,"name":"Sportplatzbau"}]},{"@type":"WebSite","@id":"https:\/\/galabautosun.de\/#website","url":"https:\/\/galabautosun.de\/","name":"TOSUN Garten- Landschafts- und Sportplatzbau GmbH","description":"","publisher":{"@id":"https:\/\/galabautosun.de\/#organization"},"potentialAction":[{"@type":"SearchAction","target":{"@type":"EntryPoint","urlTemplate":"https:\/\/galabautosun.de\/?s={search_term_string}"},"query-input":"required name=search_term_string"}],"inLanguage":"de"},{"@type":"Organization","@id":"https:\/\/galabautosun.de\/#organization","name":"TOSUN Garten- Landschafts- und Sportplatzbau GmbH","url":"https:\/\/galabautosun.de\/","logo":{"@type":"ImageObject","inLanguage":"de","@id":"https:\/\/galabautosun.de\/#\/schema\/logo\/image\/","url":"https:\/\/galabautosun.de\/wp-content\/uploads\/2020\/03\/galabautosun-website-logo-1.svg","contentUrl":"https:\/\/galabautosun.de\/wp-content\/uploads\/2020\/03\/galabautosun-website-logo-1.svg","caption":"TOSUN Garten- Landschafts- und Sportplatzbau GmbH"},"image":{"@id":"https:\/\/galabautosun.de\/#\/schema\/logo\/image\/"}}]}},"_links":{"self":[{"href":"https:\/\/galabautosun.de\/index.php?rest_route=\/wp\/v2\/pages\/200"}],"collection":[{"href":"https:\/\/galabautosun.de\/index.php?rest_route=\/wp\/v2\/pages"}],"about":[{"href":"https:\/\/galabautosun.de\/index.php?rest_route=\/wp\/v2\/types\/page"}],"author":[{"embeddable":true,"href":"https:\/\/galabautosun.de\/index.php?rest_route=\/wp\/v2\/users\/1"}],"replies":[{"embeddable":true,"href":"https:\/\/galabautosun.de\/index.php?rest_route=%2Fwp%2Fv2%2Fcomments&post=200"}],"version-history":[{"count":7,"href":"https:\/\/galabautosun.de\/index.php?rest_route=\/wp\/v2\/pages\/200\/revisions"}],"predecessor-version":[{"id":471,"href":"https:\/\/galabautosun.de\/index.php?rest_route=\/wp\/v2\/pages\/200\/revisions\/471"}],"wp:attachment":[{"href":"https:\/\/galabautosun.de\/index.php?rest_route=%2Fwp%2Fv2%2Fmedia&parent=200"}],"curies":[{"name":"wp","href":"https:\/\/api.w.org\/{rel}","templated":true}]}}