{"id":197,"date":"2020-03-26T21:06:05","date_gmt":"2020-03-26T21:06:05","guid":{"rendered":"http:\/\/galabautosun.de\/?page_id=197"},"modified":"2020-04-10T21:45:24","modified_gmt":"2020-04-10T21:45:24","slug":"dachbegruendung","status":"publish","type":"page","link":"https:\/\/galabautosun.de\/?page_id=197","title":{"rendered":"Dachbegr\u00fcndung"},"content":{"rendered":"\n<div class=\"wp-block-image is-style-circle-mask\"><figure class=\"aligncenter size-large is-resized\"><img loading=\"lazy\" src=\"http:\/\/galabautosun.de\/wp-content\/uploads\/2020\/03\/11-o-1024x683.jpg\" alt=\"\" class=\"wp-image-246\" width=\"559\" height=\"372\" srcset=\"https:\/\/galabautosun.de\/wp-content\/uploads\/2020\/03\/11-o-1024x683.jpg 1024w, https:\/\/galabautosun.de\/wp-content\/uploads\/2020\/03\/11-o-300x200.jpg 300w, https:\/\/galabautosun.de\/wp-content\/uploads\/2020\/03\/11-o-768x512.jpg 768w, https:\/\/galabautosun.de\/wp-content\/uploads\/2020\/03\/11-o.jpg 1200w\" sizes=\"(max-width: 559px) 100vw, 559px\" \/><\/figure><\/div>\n\n\n\n<p class=\"has-text-color has-background has-text-align-center has-extra-font-size has-very-dark-gray-color has-very-light-gray-background-color\">Dachbegr\u00fcndung<\/p>\n\n\n\n<p class=\"has-large-font-size\"> Bringen Sie Abwechselung in die Gestaltung Ihres Haus- oder Garagendachs und entscheiden Sie sich f\u00fcr eine Dachbegr\u00fcnung. Sie sorgt nicht nur f\u00fcr eine optische Versch\u00f6nerung der entsprechenden Fl\u00e4che, sondern bietet Ihnen auch eine ganze Reihe an Vorteilen.<\/p>\n\n\n\n<div class=\"wp-container-3 wp-block-columns\">\n<div class=\"wp-container-1 wp-block-column\" style=\"flex-basis:33.33%\">\n<figure class=\"wp-block-image size-large\"><img loading=\"lazy\" width=\"1024\" height=\"683\" src=\"http:\/\/galabautosun.de\/wp-content\/uploads\/2020\/03\/8975-o-1024x683.jpg\" alt=\"\" class=\"wp-image-248\" srcset=\"https:\/\/galabautosun.de\/wp-content\/uploads\/2020\/03\/8975-o-1024x683.jpg 1024w, https:\/\/galabautosun.de\/wp-content\/uploads\/2020\/03\/8975-o-300x200.jpg 300w, https:\/\/galabautosun.de\/wp-content\/uploads\/2020\/03\/8975-o-768x512.jpg 768w, https:\/\/galabautosun.de\/wp-content\/uploads\/2020\/03\/8975-o.jpg 1200w\" sizes=\"(max-width: 1024px) 100vw, 1024px\" \/><\/figure>\n<\/div>\n\n\n\n<div class=\"wp-container-2 wp-block-column\" style=\"flex-basis:66.66%\">\n<p class=\"has-large-font-size\">  Eine Dachbegr\u00fcnung sorgt f\u00fcr eine aktive K\u00fchlung der darunterliegenden R\u00e4ume \u2013 bei hei\u00dfen Temperaturen im Hochsommer eine absolute Steigerung der Wohnqualit\u00e4t. Durch die entstehende Verdunstungsk\u00e4lte sind Temperaturabsenkungen bis zu acht Grad m\u00f6glich. Im Winter hingegen ist die Dachbegr\u00fcnung eine perfekte Isolierung und hilft Ihnen dabei, Heizkosten zu sparen. Zudem h\u00e4lt die Dachbegr\u00fcnung UV-Strahlen ab, sodass sich die Lebensdauer Ihrer Dachabdichtung bis um mindestens das Dreifache verl\u00e4ngern kann.   <\/p>\n<\/div>\n<\/div>\n\n\n\n<p style=\"color:#418b0c\" class=\"has-text-color has-extra-font-size\"><strong>Melden Sie sich bei uns und erfahren Sie mehr!<\/strong><\/p>\n","protected":false},"excerpt":{"rendered":"<p>Dachbegr\u00fcndung Bringen Sie Abwechselung in die Gestaltung Ihres Haus- oder Garagendachs und entscheiden Sie sich f\u00fcr eine Dachbegr\u00fcnung. Sie sorgt nicht nur f\u00fcr eine optische Versch\u00f6nerung der entsprechenden Fl\u00e4che, sondern bietet Ihnen auch eine ganze Reihe an Vorteilen. Eine Dachbegr\u00fcnung sorgt f\u00fcr eine aktive K\u00fchlung der darunterliegenden R\u00e4ume \u2013 bei hei\u00dfen Temperaturen im Hochsommer eine [&hellip;]<\/p>\n","protected":false},"author":1,"featured_media":0,"parent":0,"menu_order":0,"comment_status":"closed","ping_status":"closed","template":"","meta":[],"yoast_head":"<!-- This site is optimized with the Yoast SEO plugin v19.9 - https:\/\/yoast.com\/wordpress\/plugins\/seo\/ -->\n<title>Dachbegr\u00fcndung - TOSUN Garten- Landschafts- und Sportplatzbau GmbH<\/title>\n<meta name=\"robots\" content=\"index, follow, max-snippet:-1, max-image-preview:large, max-video-preview:-1\" \/>\n<link rel=\"canonical\" href=\"https:\/\/galabautosun.de\/?page_id=197\" \/>\n<meta property=\"og:locale\" content=\"de_DE\" \/>\n<meta property=\"og:type\" content=\"article\" \/>\n<meta property=\"og:title\" content=\"Dachbegr\u00fcndung - TOSUN Garten- Landschafts- und Sportplatzbau GmbH\" \/>\n<meta property=\"og:description\" content=\"Dachbegr\u00fcndung Bringen Sie Abwechselung in die Gestaltung Ihres Haus- oder Garagendachs und entscheiden Sie sich f\u00fcr eine Dachbegr\u00fcnung. Sie sorgt nicht nur f\u00fcr eine optische Versch\u00f6nerung der entsprechenden Fl\u00e4che, sondern bietet Ihnen auch eine ganze Reihe an Vorteilen. Eine Dachbegr\u00fcnung sorgt f\u00fcr eine aktive K\u00fchlung der darunterliegenden R\u00e4ume \u2013 bei hei\u00dfen Temperaturen im Hochsommer eine [&hellip;]\" \/>\n<meta property=\"og:url\" content=\"https:\/\/galabautosun.de\/?page_id=197\" \/>\n<meta property=\"og:site_name\" content=\"TOSUN Garten- Landschafts- und Sportplatzbau GmbH\" \/>\n<meta property=\"article:modified_time\" content=\"2020-04-10T21:45:24+00:00\" \/>\n<meta property=\"og:image\" content=\"http:\/\/galabautosun.de\/wp-content\/uploads\/2020\/03\/11-o-1024x683.jpg\" \/>\n<meta name=\"twitter:card\" content=\"summary_large_image\" \/>\n<meta name=\"twitter:label1\" content=\"Gesch\u00e4tzte Lesezeit\" \/>\n\t<meta name=\"twitter:data1\" content=\"1\u00a0Minute\" \/>\n<script type=\"application\/ld+json\" class=\"yoast-schema-graph\">{\"@context\":\"https:\/\/schema.org\",\"@graph\":[{\"@type\":\"WebPage\",\"@id\":\"https:\/\/galabautosun.de\/?page_id=197\",\"url\":\"https:\/\/galabautosun.de\/?page_id=197\",\"name\":\"Dachbegr\u00fcndung - TOSUN Garten- Landschafts- und Sportplatzbau GmbH\",\"isPartOf\":{\"@id\":\"https:\/\/galabautosun.de\/#website\"},\"datePublished\":\"2020-03-26T21:06:05+00:00\",\"dateModified\":\"2020-04-10T21:45:24+00:00\",\"breadcrumb\":{\"@id\":\"https:\/\/galabautosun.de\/?page_id=197#breadcrumb\"},\"inLanguage\":\"de\",\"potentialAction\":[{\"@type\":\"ReadAction\",\"target\":[\"https:\/\/galabautosun.de\/?page_id=197\"]}]},{\"@type\":\"BreadcrumbList\",\"@id\":\"https:\/\/galabautosun.de\/?page_id=197#breadcrumb\",\"itemListElement\":[{\"@type\":\"ListItem\",\"position\":1,\"name\":\"Startseite\",\"item\":\"https:\/\/galabautosun.de\/\"},{\"@type\":\"ListItem\",\"position\":2,\"name\":\"Dachbegr\u00fcndung\"}]},{\"@type\":\"WebSite\",\"@id\":\"https:\/\/galabautosun.de\/#website\",\"url\":\"https:\/\/galabautosun.de\/\",\"name\":\"TOSUN Garten- Landschafts- und Sportplatzbau GmbH\",\"description\":\"\",\"publisher\":{\"@id\":\"https:\/\/galabautosun.de\/#organization\"},\"potentialAction\":[{\"@type\":\"SearchAction\",\"target\":{\"@type\":\"EntryPoint\",\"urlTemplate\":\"https:\/\/galabautosun.de\/?s={search_term_string}\"},\"query-input\":\"required name=search_term_string\"}],\"inLanguage\":\"de\"},{\"@type\":\"Organization\",\"@id\":\"https:\/\/galabautosun.de\/#organization\",\"name\":\"TOSUN Garten- Landschafts- und Sportplatzbau GmbH\",\"url\":\"https:\/\/galabautosun.de\/\",\"logo\":{\"@type\":\"ImageObject\",\"inLanguage\":\"de\",\"@id\":\"https:\/\/galabautosun.de\/#\/schema\/logo\/image\/\",\"url\":\"https:\/\/galabautosun.de\/wp-content\/uploads\/2020\/03\/galabautosun-website-logo-1.svg\",\"contentUrl\":\"https:\/\/galabautosun.de\/wp-content\/uploads\/2020\/03\/galabautosun-website-logo-1.svg\",\"caption\":\"TOSUN Garten- Landschafts- und Sportplatzbau GmbH\"},\"image\":{\"@id\":\"https:\/\/galabautosun.de\/#\/schema\/logo\/image\/\"}}]}<\/script>\n<!-- \/ Yoast SEO plugin. -->","yoast_head_json":{"title":"Dachbegr\u00fcndung - TOSUN Garten- Landschafts- und Sportplatzbau GmbH","robots":{"index":"index","follow":"follow","max-snippet":"max-snippet:-1","max-image-preview":"max-image-preview:large","max-video-preview":"max-video-preview:-1"},"canonical":"https:\/\/galabautosun.de\/?page_id=197","og_locale":"de_DE","og_type":"article","og_title":"Dachbegr\u00fcndung - TOSUN Garten- Landschafts- und Sportplatzbau GmbH","og_description":"Dachbegr\u00fcndung Bringen Sie Abwechselung in die Gestaltung Ihres Haus- oder Garagendachs und entscheiden Sie sich f\u00fcr eine Dachbegr\u00fcnung. Sie sorgt nicht nur f\u00fcr eine optische Versch\u00f6nerung der entsprechenden Fl\u00e4che, sondern bietet Ihnen auch eine ganze Reihe an Vorteilen. Eine Dachbegr\u00fcnung sorgt f\u00fcr eine aktive K\u00fchlung der darunterliegenden R\u00e4ume \u2013 bei hei\u00dfen Temperaturen im Hochsommer eine [&hellip;]","og_url":"https:\/\/galabautosun.de\/?page_id=197","og_site_name":"TOSUN Garten- Landschafts- und Sportplatzbau GmbH","article_modified_time":"2020-04-10T21:45:24+00:00","og_image":[{"url":"http:\/\/galabautosun.de\/wp-content\/uploads\/2020\/03\/11-o-1024x683.jpg"}],"twitter_card":"summary_large_image","twitter_misc":{"Gesch\u00e4tzte Lesezeit":"1\u00a0Minute"},"schema":{"@context":"https:\/\/schema.org","@graph":[{"@type":"WebPage","@id":"https:\/\/galabautosun.de\/?page_id=197","url":"https:\/\/galabautosun.de\/?page_id=197","name":"Dachbegr\u00fcndung - TOSUN Garten- Landschafts- und Sportplatzbau GmbH","isPartOf":{"@id":"https:\/\/galabautosun.de\/#website"},"datePublished":"2020-03-26T21:06:05+00:00","dateModified":"2020-04-10T21:45:24+00:00","breadcrumb":{"@id":"https:\/\/galabautosun.de\/?page_id=197#breadcrumb"},"inLanguage":"de","potentialAction":[{"@type":"ReadAction","target":["https:\/\/galabautosun.de\/?page_id=197"]}]},{"@type":"BreadcrumbList","@id":"https:\/\/galabautosun.de\/?page_id=197#breadcrumb","itemListElement":[{"@type":"ListItem","position":1,"name":"Startseite","item":"https:\/\/galabautosun.de\/"},{"@type":"ListItem","position":2,"name":"Dachbegr\u00fcndung"}]},{"@type":"WebSite","@id":"https:\/\/galabautosun.de\/#website","url":"https:\/\/galabautosun.de\/","name":"TOSUN Garten- Landschafts- und Sportplatzbau GmbH","description":"","publisher":{"@id":"https:\/\/galabautosun.de\/#organization"},"potentialAction":[{"@type":"SearchAction","target":{"@type":"EntryPoint","urlTemplate":"https:\/\/galabautosun.de\/?s={search_term_string}"},"query-input":"required name=search_term_string"}],"inLanguage":"de"},{"@type":"Organization","@id":"https:\/\/galabautosun.de\/#organization","name":"TOSUN Garten- Landschafts- und Sportplatzbau GmbH","url":"https:\/\/galabautosun.de\/","logo":{"@type":"ImageObject","inLanguage":"de","@id":"https:\/\/galabautosun.de\/#\/schema\/logo\/image\/","url":"https:\/\/galabautosun.de\/wp-content\/uploads\/2020\/03\/galabautosun-website-logo-1.svg","contentUrl":"https:\/\/galabautosun.de\/wp-content\/uploads\/2020\/03\/galabautosun-website-logo-1.svg","caption":"TOSUN Garten- Landschafts- und Sportplatzbau GmbH"},"image":{"@id":"https:\/\/galabautosun.de\/#\/schema\/logo\/image\/"}}]}},"_links":{"self":[{"href":"https:\/\/galabautosun.de\/index.php?rest_route=\/wp\/v2\/pages\/197"}],"collection":[{"href":"https:\/\/galabautosun.de\/index.php?rest_route=\/wp\/v2\/pages"}],"about":[{"href":"https:\/\/galabautosun.de\/index.php?rest_route=\/wp\/v2\/types\/page"}],"author":[{"embeddable":true,"href":"https:\/\/galabautosun.de\/index.php?rest_route=\/wp\/v2\/users\/1"}],"replies":[{"embeddable":true,"href":"https:\/\/galabautosun.de\/index.php?rest_route=%2Fwp%2Fv2%2Fcomments&post=197"}],"version-history":[{"count":4,"href":"https:\/\/galabautosun.de\/index.php?rest_route=\/wp\/v2\/pages\/197\/revisions"}],"predecessor-version":[{"id":478,"href":"https:\/\/galabautosun.de\/index.php?rest_route=\/wp\/v2\/pages\/197\/revisions\/478"}],"wp:attachment":[{"href":"https:\/\/galabautosun.de\/index.php?rest_route=%2Fwp%2Fv2%2Fmedia&parent=197"}],"curies":[{"name":"wp","href":"https:\/\/api.w.org\/{rel}","templated":true}]}}