{"id":195,"date":"2020-03-26T21:06:05","date_gmt":"2020-03-26T21:06:05","guid":{"rendered":"http:\/\/galabautosun.de\/?page_id=195"},"modified":"2020-04-10T21:43:52","modified_gmt":"2020-04-10T21:43:52","slug":"pflasterarbeiten-2","status":"publish","type":"page","link":"https:\/\/galabautosun.de\/?page_id=195","title":{"rendered":"Pflasterarbeiten"},"content":{"rendered":"\n<div class=\"wp-block-image is-style-circle-mask\"><figure class=\"aligncenter size-large is-resized\"><img loading=\"lazy\" src=\"http:\/\/galabautosun.de\/wp-content\/uploads\/2020\/03\/1599-o-1024x682.jpg\" alt=\"\" class=\"wp-image-257\" width=\"562\" height=\"374\" srcset=\"https:\/\/galabautosun.de\/wp-content\/uploads\/2020\/03\/1599-o-1024x682.jpg 1024w, https:\/\/galabautosun.de\/wp-content\/uploads\/2020\/03\/1599-o-300x200.jpg 300w, https:\/\/galabautosun.de\/wp-content\/uploads\/2020\/03\/1599-o-768x511.jpg 768w, https:\/\/galabautosun.de\/wp-content\/uploads\/2020\/03\/1599-o.jpg 1200w\" sizes=\"(max-width: 562px) 100vw, 562px\" \/><\/figure><\/div>\n\n\n\n<p class=\"has-text-color has-background has-text-align-center has-extra-font-size has-very-dark-gray-color has-very-light-gray-background-color\">Pflasterarbeiten<\/p>\n\n\n\n<p class=\"has-large-font-size\">Auch <strong>Pflasterarbeiten<\/strong>, f\u00fcr den eigenen kleinen Gartenweg, den Hof oder Ihre neue Terrasse, geh\u00f6ren zu unserem Angebot. <\/p>\n\n\n\n<p class=\"has-large-font-size\"><strong>Natur- und Betonstein k\u00f6nnen Ihren Boden wieder festigen und sicher machen. <\/strong><\/p>\n\n\n\n<p class=\"has-large-font-size\">F\u00fcr gew\u00fcnschte Sitz- oder Parkm\u00f6glichkeiten auf Ihrer Umgebungs-, Garten- und Au\u00dfenanlage nehmen wir auch Begradigungen Ihrer Fl\u00e4che vor. Hierbei kommt es stets auf Ihre individuellen Anspr\u00fcche an, angefangen von der Materialauswahl bis hin zur Anordnung der Steine, denen wir mit vielf\u00e4ltigen Gestaltungsm\u00f6glichkeiten und \u00e4u\u00dferster Sorgfalt gerecht werden wollen. Sowohl im privaten, wie auch im \u00f6ffentlichen Bereich.<\/p>\n\n\n\n<figure class=\"wp-container-2 wp-block-gallery-1 wp-block-gallery columns-3 is-cropped\"><ul class=\"blocks-gallery-grid\"><li class=\"blocks-gallery-item\"><figure><img loading=\"lazy\" width=\"600\" height=\"500\" src=\"http:\/\/galabautosun.de\/wp-content\/uploads\/2020\/03\/album-6.jpg\" alt=\"\" data-id=\"313\" data-full-url=\"http:\/\/galabautosun.de\/wp-content\/uploads\/2020\/03\/album-6.jpg\" data-link=\"http:\/\/galabautosun.de\/?attachment_id=313\" class=\"wp-image-313\" srcset=\"https:\/\/galabautosun.de\/wp-content\/uploads\/2020\/03\/album-6.jpg 600w, https:\/\/galabautosun.de\/wp-content\/uploads\/2020\/03\/album-6-300x250.jpg 300w\" sizes=\"(max-width: 600px) 100vw, 600px\" \/><\/figure><\/li><li class=\"blocks-gallery-item\"><figure><img loading=\"lazy\" width=\"600\" height=\"500\" src=\"http:\/\/galabautosun.de\/wp-content\/uploads\/2020\/03\/album-11.jpg\" alt=\"\" data-id=\"315\" data-full-url=\"http:\/\/galabautosun.de\/wp-content\/uploads\/2020\/03\/album-11.jpg\" data-link=\"http:\/\/galabautosun.de\/?attachment_id=315\" class=\"wp-image-315\" srcset=\"https:\/\/galabautosun.de\/wp-content\/uploads\/2020\/03\/album-11.jpg 600w, https:\/\/galabautosun.de\/wp-content\/uploads\/2020\/03\/album-11-300x250.jpg 300w\" sizes=\"(max-width: 600px) 100vw, 600px\" \/><\/figure><\/li><li class=\"blocks-gallery-item\"><figure><img loading=\"lazy\" width=\"600\" height=\"500\" src=\"http:\/\/galabautosun.de\/wp-content\/uploads\/2020\/03\/album-34.jpg\" alt=\"\" data-id=\"333\" data-full-url=\"http:\/\/galabautosun.de\/wp-content\/uploads\/2020\/03\/album-34.jpg\" data-link=\"http:\/\/galabautosun.de\/?attachment_id=333\" class=\"wp-image-333\" srcset=\"https:\/\/galabautosun.de\/wp-content\/uploads\/2020\/03\/album-34.jpg 600w, https:\/\/galabautosun.de\/wp-content\/uploads\/2020\/03\/album-34-300x250.jpg 300w\" sizes=\"(max-width: 600px) 100vw, 600px\" \/><\/figure><\/li><li class=\"blocks-gallery-item\"><figure><img loading=\"lazy\" width=\"600\" height=\"500\" src=\"http:\/\/galabautosun.de\/wp-content\/uploads\/2020\/03\/album-32.jpg\" alt=\"\" data-id=\"331\" data-full-url=\"http:\/\/galabautosun.de\/wp-content\/uploads\/2020\/03\/album-32.jpg\" data-link=\"http:\/\/galabautosun.de\/?attachment_id=331\" class=\"wp-image-331\" srcset=\"https:\/\/galabautosun.de\/wp-content\/uploads\/2020\/03\/album-32.jpg 600w, https:\/\/galabautosun.de\/wp-content\/uploads\/2020\/03\/album-32-300x250.jpg 300w\" sizes=\"(max-width: 600px) 100vw, 600px\" \/><\/figure><\/li><li class=\"blocks-gallery-item\"><figure><img loading=\"lazy\" width=\"1024\" height=\"683\" src=\"http:\/\/galabautosun.de\/wp-content\/uploads\/2020\/03\/426-o-1024x683.jpg\" alt=\"\" data-id=\"261\" data-full-url=\"http:\/\/galabautosun.de\/wp-content\/uploads\/2020\/03\/426-o.jpg\" data-link=\"http:\/\/galabautosun.de\/?attachment_id=261\" class=\"wp-image-261\" srcset=\"https:\/\/galabautosun.de\/wp-content\/uploads\/2020\/03\/426-o-1024x683.jpg 1024w, https:\/\/galabautosun.de\/wp-content\/uploads\/2020\/03\/426-o-300x200.jpg 300w, https:\/\/galabautosun.de\/wp-content\/uploads\/2020\/03\/426-o-768x512.jpg 768w, https:\/\/galabautosun.de\/wp-content\/uploads\/2020\/03\/426-o.jpg 1200w\" sizes=\"(max-width: 1024px) 100vw, 1024px\" \/><\/figure><\/li><li class=\"blocks-gallery-item\"><figure><img loading=\"lazy\" width=\"600\" height=\"338\" src=\"http:\/\/galabautosun.de\/wp-content\/uploads\/2020\/03\/20170311-dsc06146.jpg\" alt=\"\" data-id=\"278\" data-full-url=\"http:\/\/galabautosun.de\/wp-content\/uploads\/2020\/03\/20170311-dsc06146.jpg\" data-link=\"http:\/\/galabautosun.de\/?attachment_id=278\" class=\"wp-image-278\" srcset=\"https:\/\/galabautosun.de\/wp-content\/uploads\/2020\/03\/20170311-dsc06146.jpg 600w, https:\/\/galabautosun.de\/wp-content\/uploads\/2020\/03\/20170311-dsc06146-300x169.jpg 300w\" sizes=\"(max-width: 600px) 100vw, 600px\" \/><\/figure><\/li><li class=\"blocks-gallery-item\"><figure><img loading=\"lazy\" width=\"600\" height=\"338\" src=\"http:\/\/galabautosun.de\/wp-content\/uploads\/2020\/03\/20170311-dsc06143.jpg\" alt=\"\" data-id=\"277\" data-full-url=\"http:\/\/galabautosun.de\/wp-content\/uploads\/2020\/03\/20170311-dsc06143.jpg\" data-link=\"http:\/\/galabautosun.de\/?attachment_id=277\" class=\"wp-image-277\" srcset=\"https:\/\/galabautosun.de\/wp-content\/uploads\/2020\/03\/20170311-dsc06143.jpg 600w, https:\/\/galabautosun.de\/wp-content\/uploads\/2020\/03\/20170311-dsc06143-300x169.jpg 300w\" sizes=\"(max-width: 600px) 100vw, 600px\" \/><\/figure><\/li><li class=\"blocks-gallery-item\"><figure><img loading=\"lazy\" width=\"600\" height=\"338\" src=\"http:\/\/galabautosun.de\/wp-content\/uploads\/2020\/03\/20170311-dsc06211.jpg\" alt=\"\" data-id=\"283\" data-full-url=\"http:\/\/galabautosun.de\/wp-content\/uploads\/2020\/03\/20170311-dsc06211.jpg\" data-link=\"http:\/\/galabautosun.de\/?attachment_id=283\" class=\"wp-image-283\" srcset=\"https:\/\/galabautosun.de\/wp-content\/uploads\/2020\/03\/20170311-dsc06211.jpg 600w, https:\/\/galabautosun.de\/wp-content\/uploads\/2020\/03\/20170311-dsc06211-300x169.jpg 300w\" sizes=\"(max-width: 600px) 100vw, 600px\" \/><\/figure><\/li><li class=\"blocks-gallery-item\"><figure><img loading=\"lazy\" width=\"600\" height=\"338\" src=\"http:\/\/galabautosun.de\/wp-content\/uploads\/2020\/03\/20170421-dsc06811.jpg\" alt=\"\" data-id=\"299\" data-full-url=\"http:\/\/galabautosun.de\/wp-content\/uploads\/2020\/03\/20170421-dsc06811.jpg\" data-link=\"http:\/\/galabautosun.de\/?attachment_id=299\" class=\"wp-image-299\" srcset=\"https:\/\/galabautosun.de\/wp-content\/uploads\/2020\/03\/20170421-dsc06811.jpg 600w, https:\/\/galabautosun.de\/wp-content\/uploads\/2020\/03\/20170421-dsc06811-300x169.jpg 300w\" sizes=\"(max-width: 600px) 100vw, 600px\" \/><\/figure><\/li><\/ul><\/figure>\n\n\n\n<p style=\"color:#418b0c\" class=\"has-text-color has-extra-font-size\"><strong>Melden Sie sich bei uns und erfahren Sie mehr!<\/strong><\/p>\n","protected":false},"excerpt":{"rendered":"<p>Pflasterarbeiten Auch Pflasterarbeiten, f\u00fcr den eigenen kleinen Gartenweg, den Hof oder Ihre neue Terrasse, geh\u00f6ren zu unserem Angebot. Natur- und Betonstein k\u00f6nnen Ihren Boden wieder festigen und sicher machen. F\u00fcr gew\u00fcnschte Sitz- oder Parkm\u00f6glichkeiten auf Ihrer Umgebungs-, Garten- und Au\u00dfenanlage nehmen wir auch Begradigungen Ihrer Fl\u00e4che vor. Hierbei kommt es stets auf Ihre individuellen Anspr\u00fcche [&hellip;]<\/p>\n","protected":false},"author":1,"featured_media":0,"parent":0,"menu_order":0,"comment_status":"closed","ping_status":"closed","template":"","meta":[],"yoast_head":"<!-- This site is optimized with the Yoast SEO plugin v19.9 - https:\/\/yoast.com\/wordpress\/plugins\/seo\/ -->\n<title>Pflasterarbeiten - TOSUN Garten- Landschafts- und Sportplatzbau GmbH<\/title>\n<meta name=\"robots\" content=\"index, follow, max-snippet:-1, max-image-preview:large, max-video-preview:-1\" \/>\n<link rel=\"canonical\" href=\"https:\/\/galabautosun.de\/?page_id=195\" \/>\n<meta property=\"og:locale\" content=\"de_DE\" \/>\n<meta property=\"og:type\" content=\"article\" \/>\n<meta property=\"og:title\" content=\"Pflasterarbeiten - TOSUN Garten- Landschafts- und Sportplatzbau GmbH\" \/>\n<meta property=\"og:description\" content=\"Pflasterarbeiten Auch Pflasterarbeiten, f\u00fcr den eigenen kleinen Gartenweg, den Hof oder Ihre neue Terrasse, geh\u00f6ren zu unserem Angebot. Natur- und Betonstein k\u00f6nnen Ihren Boden wieder festigen und sicher machen. F\u00fcr gew\u00fcnschte Sitz- oder Parkm\u00f6glichkeiten auf Ihrer Umgebungs-, Garten- und Au\u00dfenanlage nehmen wir auch Begradigungen Ihrer Fl\u00e4che vor. Hierbei kommt es stets auf Ihre individuellen Anspr\u00fcche [&hellip;]\" \/>\n<meta property=\"og:url\" content=\"https:\/\/galabautosun.de\/?page_id=195\" \/>\n<meta property=\"og:site_name\" content=\"TOSUN Garten- Landschafts- und Sportplatzbau GmbH\" \/>\n<meta property=\"article:modified_time\" content=\"2020-04-10T21:43:52+00:00\" \/>\n<meta property=\"og:image\" content=\"http:\/\/galabautosun.de\/wp-content\/uploads\/2020\/03\/1599-o-1024x682.jpg\" \/>\n<meta name=\"twitter:card\" content=\"summary_large_image\" \/>\n<meta name=\"twitter:label1\" content=\"Gesch\u00e4tzte Lesezeit\" \/>\n\t<meta name=\"twitter:data1\" content=\"1\u00a0Minute\" \/>\n<script type=\"application\/ld+json\" class=\"yoast-schema-graph\">{\"@context\":\"https:\/\/schema.org\",\"@graph\":[{\"@type\":\"WebPage\",\"@id\":\"https:\/\/galabautosun.de\/?page_id=195\",\"url\":\"https:\/\/galabautosun.de\/?page_id=195\",\"name\":\"Pflasterarbeiten - TOSUN Garten- Landschafts- und Sportplatzbau GmbH\",\"isPartOf\":{\"@id\":\"https:\/\/galabautosun.de\/#website\"},\"datePublished\":\"2020-03-26T21:06:05+00:00\",\"dateModified\":\"2020-04-10T21:43:52+00:00\",\"breadcrumb\":{\"@id\":\"https:\/\/galabautosun.de\/?page_id=195#breadcrumb\"},\"inLanguage\":\"de\",\"potentialAction\":[{\"@type\":\"ReadAction\",\"target\":[\"https:\/\/galabautosun.de\/?page_id=195\"]}]},{\"@type\":\"BreadcrumbList\",\"@id\":\"https:\/\/galabautosun.de\/?page_id=195#breadcrumb\",\"itemListElement\":[{\"@type\":\"ListItem\",\"position\":1,\"name\":\"Startseite\",\"item\":\"https:\/\/galabautosun.de\/\"},{\"@type\":\"ListItem\",\"position\":2,\"name\":\"Pflasterarbeiten\"}]},{\"@type\":\"WebSite\",\"@id\":\"https:\/\/galabautosun.de\/#website\",\"url\":\"https:\/\/galabautosun.de\/\",\"name\":\"TOSUN Garten- Landschafts- und Sportplatzbau GmbH\",\"description\":\"\",\"publisher\":{\"@id\":\"https:\/\/galabautosun.de\/#organization\"},\"potentialAction\":[{\"@type\":\"SearchAction\",\"target\":{\"@type\":\"EntryPoint\",\"urlTemplate\":\"https:\/\/galabautosun.de\/?s={search_term_string}\"},\"query-input\":\"required name=search_term_string\"}],\"inLanguage\":\"de\"},{\"@type\":\"Organization\",\"@id\":\"https:\/\/galabautosun.de\/#organization\",\"name\":\"TOSUN Garten- Landschafts- und Sportplatzbau GmbH\",\"url\":\"https:\/\/galabautosun.de\/\",\"logo\":{\"@type\":\"ImageObject\",\"inLanguage\":\"de\",\"@id\":\"https:\/\/galabautosun.de\/#\/schema\/logo\/image\/\",\"url\":\"https:\/\/galabautosun.de\/wp-content\/uploads\/2020\/03\/galabautosun-website-logo-1.svg\",\"contentUrl\":\"https:\/\/galabautosun.de\/wp-content\/uploads\/2020\/03\/galabautosun-website-logo-1.svg\",\"caption\":\"TOSUN Garten- Landschafts- und Sportplatzbau GmbH\"},\"image\":{\"@id\":\"https:\/\/galabautosun.de\/#\/schema\/logo\/image\/\"}}]}<\/script>\n<!-- \/ Yoast SEO plugin. -->","yoast_head_json":{"title":"Pflasterarbeiten - TOSUN Garten- Landschafts- und Sportplatzbau GmbH","robots":{"index":"index","follow":"follow","max-snippet":"max-snippet:-1","max-image-preview":"max-image-preview:large","max-video-preview":"max-video-preview:-1"},"canonical":"https:\/\/galabautosun.de\/?page_id=195","og_locale":"de_DE","og_type":"article","og_title":"Pflasterarbeiten - TOSUN Garten- Landschafts- und Sportplatzbau GmbH","og_description":"Pflasterarbeiten Auch Pflasterarbeiten, f\u00fcr den eigenen kleinen Gartenweg, den Hof oder Ihre neue Terrasse, geh\u00f6ren zu unserem Angebot. Natur- und Betonstein k\u00f6nnen Ihren Boden wieder festigen und sicher machen. F\u00fcr gew\u00fcnschte Sitz- oder Parkm\u00f6glichkeiten auf Ihrer Umgebungs-, Garten- und Au\u00dfenanlage nehmen wir auch Begradigungen Ihrer Fl\u00e4che vor. Hierbei kommt es stets auf Ihre individuellen Anspr\u00fcche [&hellip;]","og_url":"https:\/\/galabautosun.de\/?page_id=195","og_site_name":"TOSUN Garten- Landschafts- und Sportplatzbau GmbH","article_modified_time":"2020-04-10T21:43:52+00:00","og_image":[{"url":"http:\/\/galabautosun.de\/wp-content\/uploads\/2020\/03\/1599-o-1024x682.jpg"}],"twitter_card":"summary_large_image","twitter_misc":{"Gesch\u00e4tzte Lesezeit":"1\u00a0Minute"},"schema":{"@context":"https:\/\/schema.org","@graph":[{"@type":"WebPage","@id":"https:\/\/galabautosun.de\/?page_id=195","url":"https:\/\/galabautosun.de\/?page_id=195","name":"Pflasterarbeiten - TOSUN Garten- Landschafts- und Sportplatzbau GmbH","isPartOf":{"@id":"https:\/\/galabautosun.de\/#website"},"datePublished":"2020-03-26T21:06:05+00:00","dateModified":"2020-04-10T21:43:52+00:00","breadcrumb":{"@id":"https:\/\/galabautosun.de\/?page_id=195#breadcrumb"},"inLanguage":"de","potentialAction":[{"@type":"ReadAction","target":["https:\/\/galabautosun.de\/?page_id=195"]}]},{"@type":"BreadcrumbList","@id":"https:\/\/galabautosun.de\/?page_id=195#breadcrumb","itemListElement":[{"@type":"ListItem","position":1,"name":"Startseite","item":"https:\/\/galabautosun.de\/"},{"@type":"ListItem","position":2,"name":"Pflasterarbeiten"}]},{"@type":"WebSite","@id":"https:\/\/galabautosun.de\/#website","url":"https:\/\/galabautosun.de\/","name":"TOSUN Garten- Landschafts- und Sportplatzbau GmbH","description":"","publisher":{"@id":"https:\/\/galabautosun.de\/#organization"},"potentialAction":[{"@type":"SearchAction","target":{"@type":"EntryPoint","urlTemplate":"https:\/\/galabautosun.de\/?s={search_term_string}"},"query-input":"required name=search_term_string"}],"inLanguage":"de"},{"@type":"Organization","@id":"https:\/\/galabautosun.de\/#organization","name":"TOSUN Garten- Landschafts- und Sportplatzbau GmbH","url":"https:\/\/galabautosun.de\/","logo":{"@type":"ImageObject","inLanguage":"de","@id":"https:\/\/galabautosun.de\/#\/schema\/logo\/image\/","url":"https:\/\/galabautosun.de\/wp-content\/uploads\/2020\/03\/galabautosun-website-logo-1.svg","contentUrl":"https:\/\/galabautosun.de\/wp-content\/uploads\/2020\/03\/galabautosun-website-logo-1.svg","caption":"TOSUN Garten- Landschafts- und Sportplatzbau GmbH"},"image":{"@id":"https:\/\/galabautosun.de\/#\/schema\/logo\/image\/"}}]}},"_links":{"self":[{"href":"https:\/\/galabautosun.de\/index.php?rest_route=\/wp\/v2\/pages\/195"}],"collection":[{"href":"https:\/\/galabautosun.de\/index.php?rest_route=\/wp\/v2\/pages"}],"about":[{"href":"https:\/\/galabautosun.de\/index.php?rest_route=\/wp\/v2\/types\/page"}],"author":[{"embeddable":true,"href":"https:\/\/galabautosun.de\/index.php?rest_route=\/wp\/v2\/users\/1"}],"replies":[{"embeddable":true,"href":"https:\/\/galabautosun.de\/index.php?rest_route=%2Fwp%2Fv2%2Fcomments&post=195"}],"version-history":[{"count":10,"href":"https:\/\/galabautosun.de\/index.php?rest_route=\/wp\/v2\/pages\/195\/revisions"}],"predecessor-version":[{"id":473,"href":"https:\/\/galabautosun.de\/index.php?rest_route=\/wp\/v2\/pages\/195\/revisions\/473"}],"wp:attachment":[{"href":"https:\/\/galabautosun.de\/index.php?rest_route=%2Fwp%2Fv2%2Fmedia&parent=195"}],"curies":[{"name":"wp","href":"https:\/\/api.w.org\/{rel}","templated":true}]}}