{"id":191,"date":"2020-03-26T21:06:05","date_gmt":"2020-03-26T21:06:05","guid":{"rendered":"http:\/\/galabautosun.de\/?page_id=191"},"modified":"2020-04-10T21:44:34","modified_gmt":"2020-04-10T21:44:34","slug":"neubau-aussenanlagen","status":"publish","type":"page","link":"https:\/\/galabautosun.de\/?page_id=191","title":{"rendered":"Neubau Aussenanlagen"},"content":{"rendered":"\n<div class=\"wp-block-image is-style-circle-mask\"><figure class=\"aligncenter size-large is-resized\"><img loading=\"lazy\" src=\"http:\/\/galabautosun.de\/wp-content\/uploads\/2020\/03\/1177-o-1024x684.jpg\" alt=\"\" class=\"wp-image-230\" width=\"563\" height=\"375\" srcset=\"https:\/\/galabautosun.de\/wp-content\/uploads\/2020\/03\/1177-o-1024x684.jpg 1024w, https:\/\/galabautosun.de\/wp-content\/uploads\/2020\/03\/1177-o-300x200.jpg 300w, https:\/\/galabautosun.de\/wp-content\/uploads\/2020\/03\/1177-o-768x513.jpg 768w, https:\/\/galabautosun.de\/wp-content\/uploads\/2020\/03\/1177-o-1536x1025.jpg 1536w, https:\/\/galabautosun.de\/wp-content\/uploads\/2020\/03\/1177-o-2048x1367.jpg 2048w\" sizes=\"(max-width: 563px) 100vw, 563px\" \/><\/figure><\/div>\n\n\n\n<p class=\"has-text-color has-background has-text-align-center has-extra-font-size has-very-dark-gray-color has-very-light-gray-background-color\">Neubau von Au\u00dfenanlagen<\/p>\n\n\n\n<p class=\"has-large-font-size\">Sie planen den Bau einer gro\u00dfen Wohnanlage oder eines Einzelhauses und m\u00f6chten auch die Erstellung Ihrer Au\u00dfenanlagen in erfahrene H\u00e4nde legen?<\/p>\n\n\n\n<p class=\"has-large-font-size\">Als wichtiger Bereich unserer t\u00e4glichen Arbeit ist der Neubau von Au\u00dfenanlagen ein Gebiet, auf dem wir uns bestens auskennen.<\/p>\n\n\n\n<p class=\"has-large-font-size\">Ob Sie sich Ihre Au\u00dfenanlagen eher \u00fcbersichtlich und modern oder wild und vertr\u00e4umt vorstellen &#8211; Wir wissen, dass die wunschgem\u00e4\u00dfe Gestaltung Ihrer Gr\u00fcnfl\u00e4chen&nbsp; ma\u00dfgeblich dazu beitr\u00e4gt, dass Sie sich in Ihrer Umgebung wohl und zufrieden f\u00fchlen. Daher sollte diese von Anfang an auf ein Endergebnis hinauslaufen, das Ihnen Tag f\u00fcr Tag Freude bereitet.<\/p>\n\n\n\n<p class=\"has-large-font-size\">Unsere Profis freuen sich auf Ihr Bauvorhaben und gestalten Ihr Grundst\u00fcck ganz so, wie Sie es gern h\u00e4tten.<\/p>\n\n\n\n<p class=\"has-large-font-size\">In pers\u00f6nlichen Beratungsgespr\u00e4chen nehmen wir uns die Zeit, mit Ihnen gemeinsam den Weg zu Ihrem Traumgarten zu planen und entwickeln ein individuelles Konzept f\u00fcr die landschaftsg\u00e4rtnerische Gestaltung Ihrer Au\u00dfenanlagen inklusive Wege- und Terrassenbau, Entw\u00e4sserungsarbeiten, Pflanzarbeiten etc.<\/p>\n\n\n\n<p style=\"color:#418b0c\" class=\"has-text-color has-large-font-size\"><strong>Unser Dienstleistungsbereich Neubau umfasst folgende Leistungen:<\/strong><\/p>\n\n\n\n<ul><li><span style=\"color:#418b0c\" class=\"has-inline-color\"><strong>Landschaftsg\u00e4rtnerische Gestaltung von kompletten Au\u00dfenanlagen <\/strong><\/span><\/li><li><span style=\"color:#418b0c\" class=\"has-inline-color\"><strong>Erdarbeiten <\/strong><\/span><\/li><li><span style=\"color:#418b0c\" class=\"has-inline-color\"><strong>Entw\u00e4sserungsarbeiten <\/strong><\/span><\/li><li><span style=\"color:#418b0c\" class=\"has-inline-color\"><strong>Pflasterarbeiten aus Naturstein oder Kunststein <\/strong><\/span><\/li><li><span style=\"color:#418b0c\" class=\"has-inline-color\"><strong>Spielplatzbau <\/strong><\/span><\/li><li><span style=\"color:#418b0c\" class=\"has-inline-color\"><strong>Sportplatzbau in Kleinbereichen <\/strong><\/span><\/li><li><span style=\"color:#418b0c\" class=\"has-inline-color\"><strong>Holzarbeiten <\/strong><\/span><\/li><li><span style=\"color:#418b0c\" class=\"has-inline-color\"><strong>Zaunbau <\/strong><\/span><\/li><li><span style=\"color:#418b0c\" class=\"has-inline-color\"><strong>Rasen-, Pflanz- und alle sonstigen Vegetationsarbeiten <\/strong><\/span><\/li><\/ul>\n\n\n\n<figure class=\"wp-container-2 wp-block-gallery-1 wp-block-gallery columns-3 is-cropped\"><ul class=\"blocks-gallery-grid\"><li class=\"blocks-gallery-item\"><figure><img loading=\"lazy\" width=\"600\" height=\"338\" src=\"http:\/\/galabautosun.de\/wp-content\/uploads\/2020\/03\/20170421-dsc06806.jpg\" alt=\"\" data-id=\"294\" data-full-url=\"http:\/\/galabautosun.de\/wp-content\/uploads\/2020\/03\/20170421-dsc06806.jpg\" data-link=\"http:\/\/galabautosun.de\/?attachment_id=294\" class=\"wp-image-294\" srcset=\"https:\/\/galabautosun.de\/wp-content\/uploads\/2020\/03\/20170421-dsc06806.jpg 600w, https:\/\/galabautosun.de\/wp-content\/uploads\/2020\/03\/20170421-dsc06806-300x169.jpg 300w\" sizes=\"(max-width: 600px) 100vw, 600px\" \/><\/figure><\/li><li class=\"blocks-gallery-item\"><figure><img loading=\"lazy\" width=\"600\" height=\"400\" src=\"http:\/\/galabautosun.de\/wp-content\/uploads\/2020\/03\/20170421-dsc06782.jpg\" alt=\"\" data-id=\"290\" data-full-url=\"http:\/\/galabautosun.de\/wp-content\/uploads\/2020\/03\/20170421-dsc06782.jpg\" data-link=\"http:\/\/galabautosun.de\/?attachment_id=290\" class=\"wp-image-290\" srcset=\"https:\/\/galabautosun.de\/wp-content\/uploads\/2020\/03\/20170421-dsc06782.jpg 600w, https:\/\/galabautosun.de\/wp-content\/uploads\/2020\/03\/20170421-dsc06782-300x200.jpg 300w\" sizes=\"(max-width: 600px) 100vw, 600px\" \/><\/figure><\/li><li class=\"blocks-gallery-item\"><figure><img loading=\"lazy\" width=\"600\" height=\"338\" src=\"http:\/\/galabautosun.de\/wp-content\/uploads\/2020\/03\/20170421-dsc06813.jpg\" alt=\"\" data-id=\"301\" data-full-url=\"http:\/\/galabautosun.de\/wp-content\/uploads\/2020\/03\/20170421-dsc06813.jpg\" data-link=\"http:\/\/galabautosun.de\/?attachment_id=301\" class=\"wp-image-301\" srcset=\"https:\/\/galabautosun.de\/wp-content\/uploads\/2020\/03\/20170421-dsc06813.jpg 600w, https:\/\/galabautosun.de\/wp-content\/uploads\/2020\/03\/20170421-dsc06813-300x169.jpg 300w\" sizes=\"(max-width: 600px) 100vw, 600px\" \/><\/figure><\/li><li class=\"blocks-gallery-item\"><figure><img loading=\"lazy\" width=\"600\" height=\"500\" src=\"http:\/\/galabautosun.de\/wp-content\/uploads\/2020\/03\/album-7.jpg\" alt=\"\" data-id=\"312\" data-full-url=\"http:\/\/galabautosun.de\/wp-content\/uploads\/2020\/03\/album-7.jpg\" data-link=\"http:\/\/galabautosun.de\/?attachment_id=312\" class=\"wp-image-312\" srcset=\"https:\/\/galabautosun.de\/wp-content\/uploads\/2020\/03\/album-7.jpg 600w, https:\/\/galabautosun.de\/wp-content\/uploads\/2020\/03\/album-7-300x250.jpg 300w\" sizes=\"(max-width: 600px) 100vw, 600px\" \/><\/figure><\/li><li class=\"blocks-gallery-item\"><figure><img loading=\"lazy\" width=\"600\" height=\"500\" src=\"http:\/\/galabautosun.de\/wp-content\/uploads\/2020\/03\/album-27.jpg\" alt=\"\" data-id=\"330\" data-full-url=\"http:\/\/galabautosun.de\/wp-content\/uploads\/2020\/03\/album-27.jpg\" data-link=\"http:\/\/galabautosun.de\/?attachment_id=330\" class=\"wp-image-330\" srcset=\"https:\/\/galabautosun.de\/wp-content\/uploads\/2020\/03\/album-27.jpg 600w, https:\/\/galabautosun.de\/wp-content\/uploads\/2020\/03\/album-27-300x250.jpg 300w\" sizes=\"(max-width: 600px) 100vw, 600px\" \/><\/figure><\/li><li class=\"blocks-gallery-item\"><figure><img loading=\"lazy\" width=\"600\" height=\"338\" src=\"http:\/\/galabautosun.de\/wp-content\/uploads\/2020\/03\/20170421-dsc06810.jpg\" alt=\"\" data-id=\"298\" data-full-url=\"http:\/\/galabautosun.de\/wp-content\/uploads\/2020\/03\/20170421-dsc06810.jpg\" data-link=\"http:\/\/galabautosun.de\/?attachment_id=298\" class=\"wp-image-298\" srcset=\"https:\/\/galabautosun.de\/wp-content\/uploads\/2020\/03\/20170421-dsc06810.jpg 600w, https:\/\/galabautosun.de\/wp-content\/uploads\/2020\/03\/20170421-dsc06810-300x169.jpg 300w\" sizes=\"(max-width: 600px) 100vw, 600px\" \/><\/figure><\/li><li class=\"blocks-gallery-item\"><figure><img loading=\"lazy\" width=\"600\" height=\"338\" src=\"http:\/\/galabautosun.de\/wp-content\/uploads\/2020\/03\/20170311-dsc06206.jpg\" alt=\"\" data-id=\"281\" data-full-url=\"http:\/\/galabautosun.de\/wp-content\/uploads\/2020\/03\/20170311-dsc06206.jpg\" data-link=\"http:\/\/galabautosun.de\/?attachment_id=281\" class=\"wp-image-281\" srcset=\"https:\/\/galabautosun.de\/wp-content\/uploads\/2020\/03\/20170311-dsc06206.jpg 600w, https:\/\/galabautosun.de\/wp-content\/uploads\/2020\/03\/20170311-dsc06206-300x169.jpg 300w\" sizes=\"(max-width: 600px) 100vw, 600px\" \/><\/figure><\/li><li class=\"blocks-gallery-item\"><figure><img loading=\"lazy\" width=\"600\" height=\"338\" src=\"http:\/\/galabautosun.de\/wp-content\/uploads\/2020\/03\/20170311-dsc06176.jpg\" alt=\"\" data-id=\"279\" data-full-url=\"http:\/\/galabautosun.de\/wp-content\/uploads\/2020\/03\/20170311-dsc06176.jpg\" data-link=\"http:\/\/galabautosun.de\/?attachment_id=279\" class=\"wp-image-279\" srcset=\"https:\/\/galabautosun.de\/wp-content\/uploads\/2020\/03\/20170311-dsc06176.jpg 600w, https:\/\/galabautosun.de\/wp-content\/uploads\/2020\/03\/20170311-dsc06176-300x169.jpg 300w\" sizes=\"(max-width: 600px) 100vw, 600px\" \/><\/figure><\/li><\/ul><\/figure>\n\n\n\n<p style=\"color:#418b0c\" class=\"has-text-color has-extra-font-size\"><strong>Melden Sie sich bei uns und erfahren Sie mehr!<\/strong><\/p>\n","protected":false},"excerpt":{"rendered":"<p>Neubau von Au\u00dfenanlagen Sie planen den Bau einer gro\u00dfen Wohnanlage oder eines Einzelhauses und m\u00f6chten auch die Erstellung Ihrer Au\u00dfenanlagen in erfahrene H\u00e4nde legen? Als wichtiger Bereich unserer t\u00e4glichen Arbeit ist der Neubau von Au\u00dfenanlagen ein Gebiet, auf dem wir uns bestens auskennen. Ob Sie sich Ihre Au\u00dfenanlagen eher \u00fcbersichtlich und modern oder wild und [&hellip;]<\/p>\n","protected":false},"author":1,"featured_media":0,"parent":0,"menu_order":0,"comment_status":"closed","ping_status":"closed","template":"","meta":[],"yoast_head":"<!-- This site is optimized with the Yoast SEO plugin v19.9 - https:\/\/yoast.com\/wordpress\/plugins\/seo\/ -->\n<title>Neubau Aussenanlagen - TOSUN Garten- Landschafts- und Sportplatzbau GmbH<\/title>\n<meta name=\"robots\" content=\"index, follow, max-snippet:-1, max-image-preview:large, max-video-preview:-1\" \/>\n<link rel=\"canonical\" href=\"https:\/\/galabautosun.de\/?page_id=191\" \/>\n<meta property=\"og:locale\" content=\"de_DE\" \/>\n<meta property=\"og:type\" content=\"article\" \/>\n<meta property=\"og:title\" content=\"Neubau Aussenanlagen - TOSUN Garten- Landschafts- und Sportplatzbau GmbH\" \/>\n<meta property=\"og:description\" content=\"Neubau von Au\u00dfenanlagen Sie planen den Bau einer gro\u00dfen Wohnanlage oder eines Einzelhauses und m\u00f6chten auch die Erstellung Ihrer Au\u00dfenanlagen in erfahrene H\u00e4nde legen? Als wichtiger Bereich unserer t\u00e4glichen Arbeit ist der Neubau von Au\u00dfenanlagen ein Gebiet, auf dem wir uns bestens auskennen. Ob Sie sich Ihre Au\u00dfenanlagen eher \u00fcbersichtlich und modern oder wild und [&hellip;]\" \/>\n<meta property=\"og:url\" content=\"https:\/\/galabautosun.de\/?page_id=191\" \/>\n<meta property=\"og:site_name\" content=\"TOSUN Garten- Landschafts- und Sportplatzbau GmbH\" \/>\n<meta property=\"article:modified_time\" content=\"2020-04-10T21:44:34+00:00\" \/>\n<meta property=\"og:image\" content=\"http:\/\/galabautosun.de\/wp-content\/uploads\/2020\/03\/1177-o-1024x684.jpg\" \/>\n<meta name=\"twitter:card\" content=\"summary_large_image\" \/>\n<meta name=\"twitter:label1\" content=\"Gesch\u00e4tzte Lesezeit\" \/>\n\t<meta name=\"twitter:data1\" content=\"1\u00a0Minute\" \/>\n<script type=\"application\/ld+json\" class=\"yoast-schema-graph\">{\"@context\":\"https:\/\/schema.org\",\"@graph\":[{\"@type\":\"WebPage\",\"@id\":\"https:\/\/galabautosun.de\/?page_id=191\",\"url\":\"https:\/\/galabautosun.de\/?page_id=191\",\"name\":\"Neubau Aussenanlagen - TOSUN Garten- Landschafts- und Sportplatzbau GmbH\",\"isPartOf\":{\"@id\":\"https:\/\/galabautosun.de\/#website\"},\"datePublished\":\"2020-03-26T21:06:05+00:00\",\"dateModified\":\"2020-04-10T21:44:34+00:00\",\"breadcrumb\":{\"@id\":\"https:\/\/galabautosun.de\/?page_id=191#breadcrumb\"},\"inLanguage\":\"de\",\"potentialAction\":[{\"@type\":\"ReadAction\",\"target\":[\"https:\/\/galabautosun.de\/?page_id=191\"]}]},{\"@type\":\"BreadcrumbList\",\"@id\":\"https:\/\/galabautosun.de\/?page_id=191#breadcrumb\",\"itemListElement\":[{\"@type\":\"ListItem\",\"position\":1,\"name\":\"Startseite\",\"item\":\"https:\/\/galabautosun.de\/\"},{\"@type\":\"ListItem\",\"position\":2,\"name\":\"Neubau Aussenanlagen\"}]},{\"@type\":\"WebSite\",\"@id\":\"https:\/\/galabautosun.de\/#website\",\"url\":\"https:\/\/galabautosun.de\/\",\"name\":\"TOSUN Garten- Landschafts- und Sportplatzbau GmbH\",\"description\":\"\",\"publisher\":{\"@id\":\"https:\/\/galabautosun.de\/#organization\"},\"potentialAction\":[{\"@type\":\"SearchAction\",\"target\":{\"@type\":\"EntryPoint\",\"urlTemplate\":\"https:\/\/galabautosun.de\/?s={search_term_string}\"},\"query-input\":\"required name=search_term_string\"}],\"inLanguage\":\"de\"},{\"@type\":\"Organization\",\"@id\":\"https:\/\/galabautosun.de\/#organization\",\"name\":\"TOSUN Garten- Landschafts- und Sportplatzbau GmbH\",\"url\":\"https:\/\/galabautosun.de\/\",\"logo\":{\"@type\":\"ImageObject\",\"inLanguage\":\"de\",\"@id\":\"https:\/\/galabautosun.de\/#\/schema\/logo\/image\/\",\"url\":\"https:\/\/galabautosun.de\/wp-content\/uploads\/2020\/03\/galabautosun-website-logo-1.svg\",\"contentUrl\":\"https:\/\/galabautosun.de\/wp-content\/uploads\/2020\/03\/galabautosun-website-logo-1.svg\",\"caption\":\"TOSUN Garten- Landschafts- und Sportplatzbau GmbH\"},\"image\":{\"@id\":\"https:\/\/galabautosun.de\/#\/schema\/logo\/image\/\"}}]}<\/script>\n<!-- \/ Yoast SEO plugin. -->","yoast_head_json":{"title":"Neubau Aussenanlagen - TOSUN Garten- Landschafts- und Sportplatzbau GmbH","robots":{"index":"index","follow":"follow","max-snippet":"max-snippet:-1","max-image-preview":"max-image-preview:large","max-video-preview":"max-video-preview:-1"},"canonical":"https:\/\/galabautosun.de\/?page_id=191","og_locale":"de_DE","og_type":"article","og_title":"Neubau Aussenanlagen - TOSUN Garten- Landschafts- und Sportplatzbau GmbH","og_description":"Neubau von Au\u00dfenanlagen Sie planen den Bau einer gro\u00dfen Wohnanlage oder eines Einzelhauses und m\u00f6chten auch die Erstellung Ihrer Au\u00dfenanlagen in erfahrene H\u00e4nde legen? Als wichtiger Bereich unserer t\u00e4glichen Arbeit ist der Neubau von Au\u00dfenanlagen ein Gebiet, auf dem wir uns bestens auskennen. Ob Sie sich Ihre Au\u00dfenanlagen eher \u00fcbersichtlich und modern oder wild und [&hellip;]","og_url":"https:\/\/galabautosun.de\/?page_id=191","og_site_name":"TOSUN Garten- Landschafts- und Sportplatzbau GmbH","article_modified_time":"2020-04-10T21:44:34+00:00","og_image":[{"url":"http:\/\/galabautosun.de\/wp-content\/uploads\/2020\/03\/1177-o-1024x684.jpg"}],"twitter_card":"summary_large_image","twitter_misc":{"Gesch\u00e4tzte Lesezeit":"1\u00a0Minute"},"schema":{"@context":"https:\/\/schema.org","@graph":[{"@type":"WebPage","@id":"https:\/\/galabautosun.de\/?page_id=191","url":"https:\/\/galabautosun.de\/?page_id=191","name":"Neubau Aussenanlagen - TOSUN Garten- Landschafts- und Sportplatzbau GmbH","isPartOf":{"@id":"https:\/\/galabautosun.de\/#website"},"datePublished":"2020-03-26T21:06:05+00:00","dateModified":"2020-04-10T21:44:34+00:00","breadcrumb":{"@id":"https:\/\/galabautosun.de\/?page_id=191#breadcrumb"},"inLanguage":"de","potentialAction":[{"@type":"ReadAction","target":["https:\/\/galabautosun.de\/?page_id=191"]}]},{"@type":"BreadcrumbList","@id":"https:\/\/galabautosun.de\/?page_id=191#breadcrumb","itemListElement":[{"@type":"ListItem","position":1,"name":"Startseite","item":"https:\/\/galabautosun.de\/"},{"@type":"ListItem","position":2,"name":"Neubau Aussenanlagen"}]},{"@type":"WebSite","@id":"https:\/\/galabautosun.de\/#website","url":"https:\/\/galabautosun.de\/","name":"TOSUN Garten- Landschafts- und Sportplatzbau GmbH","description":"","publisher":{"@id":"https:\/\/galabautosun.de\/#organization"},"potentialAction":[{"@type":"SearchAction","target":{"@type":"EntryPoint","urlTemplate":"https:\/\/galabautosun.de\/?s={search_term_string}"},"query-input":"required name=search_term_string"}],"inLanguage":"de"},{"@type":"Organization","@id":"https:\/\/galabautosun.de\/#organization","name":"TOSUN Garten- Landschafts- und Sportplatzbau GmbH","url":"https:\/\/galabautosun.de\/","logo":{"@type":"ImageObject","inLanguage":"de","@id":"https:\/\/galabautosun.de\/#\/schema\/logo\/image\/","url":"https:\/\/galabautosun.de\/wp-content\/uploads\/2020\/03\/galabautosun-website-logo-1.svg","contentUrl":"https:\/\/galabautosun.de\/wp-content\/uploads\/2020\/03\/galabautosun-website-logo-1.svg","caption":"TOSUN Garten- Landschafts- und Sportplatzbau GmbH"},"image":{"@id":"https:\/\/galabautosun.de\/#\/schema\/logo\/image\/"}}]}},"_links":{"self":[{"href":"https:\/\/galabautosun.de\/index.php?rest_route=\/wp\/v2\/pages\/191"}],"collection":[{"href":"https:\/\/galabautosun.de\/index.php?rest_route=\/wp\/v2\/pages"}],"about":[{"href":"https:\/\/galabautosun.de\/index.php?rest_route=\/wp\/v2\/types\/page"}],"author":[{"embeddable":true,"href":"https:\/\/galabautosun.de\/index.php?rest_route=\/wp\/v2\/users\/1"}],"replies":[{"embeddable":true,"href":"https:\/\/galabautosun.de\/index.php?rest_route=%2Fwp%2Fv2%2Fcomments&post=191"}],"version-history":[{"count":8,"href":"https:\/\/galabautosun.de\/index.php?rest_route=\/wp\/v2\/pages\/191\/revisions"}],"predecessor-version":[{"id":476,"href":"https:\/\/galabautosun.de\/index.php?rest_route=\/wp\/v2\/pages\/191\/revisions\/476"}],"wp:attachment":[{"href":"https:\/\/galabautosun.de\/index.php?rest_route=%2Fwp%2Fv2%2Fmedia&parent=191"}],"curies":[{"name":"wp","href":"https:\/\/api.w.org\/{rel}","templated":true}]}}